{"id":7,"date":"2020-11-30T19:11:15","date_gmt":"2020-11-30T19:11:15","guid":{"rendered":"https:\/\/operasingeroradea.eu\/ro\/?page_id=7"},"modified":"2026-01-13T12:03:53","modified_gmt":"2026-01-13T12:03:53","slug":"contact","status":"publish","type":"page","link":"https:\/\/operasingeroradea.eu\/ro\/contact\/","title":{"rendered":"Contact"},"content":{"rendered":"\n<div style=\"height:100px\" aria-hidden=\"true\" class=\"wp-block-spacer\"><\/div>\n\n\n\n\n\n<p class=\"has-text-align-center\"><strong>Iosif Viktor &#8211; Artist liric, Contratenor &#8211; Site Oficial!<\/strong><\/p>\n\n\n\n<p class=\"has-text-align-center\"><strong>Pagina WEB este sus<strong>\u021b<\/strong>inut\u0103&nbsp; de persoan\u0103&nbsp; fizic<strong>\u0103<\/strong>.<\/strong><\/p>\n\n\n\n<div class=\"wpcf7 no-js\" id=\"wpcf7-f128-o1\" lang=\"hu-HU\" dir=\"ltr\" data-wpcf7-id=\"128\">\n<div class=\"screen-reader-response\"><p role=\"status\" aria-live=\"polite\" aria-atomic=\"true\"><\/p> <ul><\/ul><\/div>\n<form action=\"\/ro\/wp-json\/wp\/v2\/pages\/7#wpcf7-f128-o1\" method=\"post\" class=\"wpcf7-form init\" aria-label=\"Kapcsolatfelv\u00e9teli \u0171rlap\" novalidate=\"novalidate\" data-status=\"init\">\n<fieldset class=\"hidden-fields-container\"><input type=\"hidden\" name=\"_wpcf7\" value=\"128\" \/><input type=\"hidden\" name=\"_wpcf7_version\" value=\"6.1.5\" \/><input type=\"hidden\" name=\"_wpcf7_locale\" value=\"hu_HU\" \/><input type=\"hidden\" name=\"_wpcf7_unit_tag\" value=\"wpcf7-f128-o1\" \/><input type=\"hidden\" name=\"_wpcf7_container_post\" value=\"0\" \/><input type=\"hidden\" name=\"_wpcf7_posted_data_hash\" value=\"\" \/>\n<\/fieldset>\n<p><label> Nume<br \/>\n<span class=\"wpcf7-form-control-wrap\" data-name=\"your-name\"><input size=\"40\" maxlength=\"400\" class=\"wpcf7-form-control wpcf7-text wpcf7-validates-as-required\" aria-required=\"true\" aria-invalid=\"false\" value=\"\" type=\"text\" name=\"your-name\" \/><\/span> <\/label>\n<\/p>\n<p><label> E-mail<br \/>\n<span class=\"wpcf7-form-control-wrap\" data-name=\"your-email\"><input size=\"40\" maxlength=\"400\" class=\"wpcf7-form-control wpcf7-email wpcf7-validates-as-required wpcf7-text wpcf7-validates-as-email\" aria-required=\"true\" aria-invalid=\"false\" value=\"\" type=\"email\" name=\"your-email\" \/><\/span> <\/label>\n<\/p>\n<p><label> Subject<br \/>\n<span class=\"wpcf7-form-control-wrap\" data-name=\"your-subject\"><input size=\"40\" maxlength=\"400\" class=\"wpcf7-form-control wpcf7-text wpcf7-validates-as-required\" aria-required=\"true\" aria-invalid=\"false\" value=\"\" type=\"text\" name=\"your-subject\" \/><\/span> <\/label>\n<\/p>\n<p><label> Mesaje<br \/>\n<span class=\"wpcf7-form-control-wrap\" data-name=\"your-message\"><textarea cols=\"40\" rows=\"10\" maxlength=\"2000\" class=\"wpcf7-form-control wpcf7-textarea\" aria-invalid=\"false\" name=\"your-message\"><\/textarea><\/span> <\/label>\n<\/p>\n<p><span class=\"wpcf7-form-control-wrap kc_captcha\" data-name=\"kc_captcha\"><span class=\"wpcf7-form-control wpcf7-radio\"><span class=\"captcha-image\" ><span class=\"cf7ic_instructions\">Please prove you are human by selecting the<span> plane<\/span>.<\/span><label><input aria-label=\"1\" type=\"radio\" name=\"kc_captcha\" value=\"bot\" \/><svg aria-hidden=\"true\" role=\"img\" xmlns=\"http:\/\/www.w3.org\/2000\/svg\" viewBox=\"0 0 576 512\"><path fill=\"currentColor\" d=\"M259 18l-65 132-146 22c-26 3-37 36-18 54l106 103-25 146c-5 26 23 46 46 33l131-68 131 68c23 13 51-7 46-33l-25-146 106-103c19-18 8-51-18-54l-146-22-65-132a32 32 0 00-58 0z\"\/><\/svg><\/label><label><input aria-label=\"2\" type=\"radio\" name=\"kc_captcha\" value=\"bot\" \/><svg aria-hidden=\"true\" role=\"img\" xmlns=\"http:\/\/www.w3.org\/2000\/svg\" viewBox=\"0 0 512 512\"><path fill=\"currentColor\" d=\"M500 168h-55l-8-21a127 127 0 00-120-83H195a127 127 0 00-120 83l-8 21H12c-8 0-14 8-11 16l8 24a12 12 0 0011 8h29a64 64 0 00-33 56v48c0 16 6 31 16 42v62c0 13 11 24 24 24h48c13 0 24-11 24-24v-40h256v40c0 13 11 24 24 24h48c13 0 24-11 24-24v-62c10-11 16-26 16-42v-48c0-24-13-45-33-56h29a12 12 0 0011-8l8-24c3-8-3-16-11-16zm-365 2c9-25 33-42 60-42h122c27 0 51 17 60 42l15 38H120l15-38zM88 328a32 32 0 010-64c18 0 48 30 48 48s-30 16-48 16zm336 0c-18 0-48 2-48-16s30-48 48-48 32 14 32 32-14 32-32 32z\"\/><\/svg><\/label><label><input aria-label=\"3\" type=\"radio\" name=\"kc_captcha\" value=\"kc_human\" \/><svg aria-hidden=\"true\" role=\"img\" xmlns=\"http:\/\/www.w3.org\/2000\/svg\" viewBox=\"0 0 576 512\"><path fill=\"currentColor\" d=\"M472 200H360L256 6a12 12 0 00-10-6h-58c-8 0-14 7-12 15l34 185H100l-35-58a12 12 0 00-10-6H12c-8 0-13 7-12 14l21 106L0 362c-1 7 4 14 12 14h43c4 0 8-2 10-6l35-58h110l-34 185c-2 8 4 15 12 15h58a12 12 0 0010-6l104-194h112c57 0 104-25 104-56s-47-56-104-56z\"\/><\/svg><\/label>\r\n    <\/span>\r\n    <span style=\"display:none\">\r\n        <input type=\"text\" name=\"kc_honeypot\">\r\n    <\/span><\/span><\/span>\n<\/p>\n<p><input class=\"wpcf7-form-control wpcf7-submit has-spinner\" type=\"submit\" value=\"Trimite\" \/>\n<\/p><p style=\"display: none !important;\" class=\"akismet-fields-container\" data-prefix=\"_wpcf7_ak_\"><label>&#916;<textarea name=\"_wpcf7_ak_hp_textarea\" cols=\"45\" rows=\"8\" maxlength=\"100\"><\/textarea><\/label><input type=\"hidden\" id=\"ak_js_1\" name=\"_wpcf7_ak_js\" value=\"103\"\/><script type=\"text\/javascript\">\n\/* <![CDATA[ *\/\ndocument.getElementById( \"ak_js_1\" ).setAttribute( \"value\", ( new Date() ).getTime() );\n\/* ]]> *\/\n<\/script>\n<\/p><div class=\"wpcf7-response-output\" aria-hidden=\"true\"><\/div>\n<\/form>\n<\/div>\n\n","protected":false},"excerpt":{"rendered":"<p>Iosif Viktor &#8211; Artist liric, Contratenor &#8211; Site Oficial! Pagina WEB este sus\u021binut\u0103&nbsp; de persoan\u0103&nbsp; fizic\u0103.<\/p>\n","protected":false},"author":1,"featured_media":0,"parent":0,"menu_order":0,"comment_status":"closed","ping_status":"closed","template":"","meta":{"footnotes":""},"class_list":["post-7","page","type-page","status-publish","hentry"],"yoast_head":"<!-- This site is optimized with the Yoast SEO plugin v27.5 - https:\/\/yoast.com\/product\/yoast-seo-wordpress\/ -->\n<title>Contact - Opera Singer Oradea<\/title>\n<meta name=\"robots\" content=\"index, follow, max-snippet:-1, max-image-preview:large, max-video-preview:-1\" \/>\n<link rel=\"canonical\" href=\"https:\/\/operasingeroradea.eu\/ro\/contact\/\" \/>\n<meta property=\"og:locale\" content=\"ro_RO\" \/>\n<meta property=\"og:type\" content=\"article\" \/>\n<meta property=\"og:title\" content=\"Contact - Opera Singer Oradea\" \/>\n<meta property=\"og:description\" content=\"Iosif Viktor &#8211; Artist liric, Contratenor &#8211; Site Oficial! Pagina WEB este sus\u021binut\u0103&nbsp; de persoan\u0103&nbsp; fizic\u0103.\" \/>\n<meta property=\"og:url\" content=\"https:\/\/operasingeroradea.eu\/ro\/contact\/\" \/>\n<meta property=\"og:site_name\" content=\"Opera Singer Oradea\" \/>\n<meta property=\"article:modified_time\" content=\"2026-01-13T12:03:53+00:00\" \/>\n<meta name=\"twitter:card\" content=\"summary_large_image\" \/>\n<meta name=\"twitter:label1\" content=\"Timp estimat pentru citire\" \/>\n\t<meta name=\"twitter:data1\" content=\"1 minut\" \/>\n<script type=\"application\/ld+json\" class=\"yoast-schema-graph\">{\"@context\":\"https:\\\/\\\/schema.org\",\"@graph\":[{\"@type\":\"WebPage\",\"@id\":\"https:\\\/\\\/operasingeroradea.eu\\\/ro\\\/contact\\\/\",\"url\":\"https:\\\/\\\/operasingeroradea.eu\\\/ro\\\/contact\\\/\",\"name\":\"Contact - Opera Singer Oradea\",\"isPartOf\":{\"@id\":\"https:\\\/\\\/operasingeroradea.eu\\\/ro\\\/#website\"},\"datePublished\":\"2020-11-30T19:11:15+00:00\",\"dateModified\":\"2026-01-13T12:03:53+00:00\",\"breadcrumb\":{\"@id\":\"https:\\\/\\\/operasingeroradea.eu\\\/ro\\\/contact\\\/#breadcrumb\"},\"inLanguage\":\"ro-RO\",\"potentialAction\":[{\"@type\":\"ReadAction\",\"target\":[\"https:\\\/\\\/operasingeroradea.eu\\\/ro\\\/contact\\\/\"]}]},{\"@type\":\"BreadcrumbList\",\"@id\":\"https:\\\/\\\/operasingeroradea.eu\\\/ro\\\/contact\\\/#breadcrumb\",\"itemListElement\":[{\"@type\":\"ListItem\",\"position\":1,\"name\":\"Kezd\u0151lap\",\"item\":\"https:\\\/\\\/operasingeroradea.eu\\\/ro\\\/\"},{\"@type\":\"ListItem\",\"position\":2,\"name\":\"Contact\"}]},{\"@type\":\"WebSite\",\"@id\":\"https:\\\/\\\/operasingeroradea.eu\\\/ro\\\/#website\",\"url\":\"https:\\\/\\\/operasingeroradea.eu\\\/ro\\\/\",\"name\":\"Opera Singer Oradea\",\"description\":\"Iosif Viktor artist liric, contratenor\",\"publisher\":{\"@id\":\"https:\\\/\\\/operasingeroradea.eu\\\/ro\\\/#\\\/schema\\\/person\\\/da4d888c51e6a8735a3b0514063f3f43\"},\"potentialAction\":[{\"@type\":\"SearchAction\",\"target\":{\"@type\":\"EntryPoint\",\"urlTemplate\":\"https:\\\/\\\/operasingeroradea.eu\\\/ro\\\/?s={search_term_string}\"},\"query-input\":{\"@type\":\"PropertyValueSpecification\",\"valueRequired\":true,\"valueName\":\"search_term_string\"}}],\"inLanguage\":\"ro-RO\"},{\"@type\":[\"Person\",\"Organization\"],\"@id\":\"https:\\\/\\\/operasingeroradea.eu\\\/ro\\\/#\\\/schema\\\/person\\\/da4d888c51e6a8735a3b0514063f3f43\",\"name\":\"admin_RO\",\"image\":{\"@type\":\"ImageObject\",\"inLanguage\":\"ro-RO\",\"@id\":\"https:\\\/\\\/secure.gravatar.com\\\/avatar\\\/50f8d9ac10a7ba023baaa52f8eda05b9004a88816d0743ee6324746c08ad0604?s=96&d=mm&r=g\",\"url\":\"https:\\\/\\\/secure.gravatar.com\\\/avatar\\\/50f8d9ac10a7ba023baaa52f8eda05b9004a88816d0743ee6324746c08ad0604?s=96&d=mm&r=g\",\"contentUrl\":\"https:\\\/\\\/secure.gravatar.com\\\/avatar\\\/50f8d9ac10a7ba023baaa52f8eda05b9004a88816d0743ee6324746c08ad0604?s=96&d=mm&r=g\",\"caption\":\"admin_RO\"},\"logo\":{\"@id\":\"https:\\\/\\\/secure.gravatar.com\\\/avatar\\\/50f8d9ac10a7ba023baaa52f8eda05b9004a88816d0743ee6324746c08ad0604?s=96&d=mm&r=g\"}}]}<\/script>\n<!-- \/ Yoast SEO plugin. -->","yoast_head_json":{"title":"Contact - Opera Singer Oradea","robots":{"index":"index","follow":"follow","max-snippet":"max-snippet:-1","max-image-preview":"max-image-preview:large","max-video-preview":"max-video-preview:-1"},"canonical":"https:\/\/operasingeroradea.eu\/ro\/contact\/","og_locale":"ro_RO","og_type":"article","og_title":"Contact - Opera Singer Oradea","og_description":"Iosif Viktor &#8211; Artist liric, Contratenor &#8211; Site Oficial! Pagina WEB este sus\u021binut\u0103&nbsp; de persoan\u0103&nbsp; fizic\u0103.","og_url":"https:\/\/operasingeroradea.eu\/ro\/contact\/","og_site_name":"Opera Singer Oradea","article_modified_time":"2026-01-13T12:03:53+00:00","twitter_card":"summary_large_image","twitter_misc":{"Timp estimat pentru citire":"1 minut"},"schema":{"@context":"https:\/\/schema.org","@graph":[{"@type":"WebPage","@id":"https:\/\/operasingeroradea.eu\/ro\/contact\/","url":"https:\/\/operasingeroradea.eu\/ro\/contact\/","name":"Contact - Opera Singer Oradea","isPartOf":{"@id":"https:\/\/operasingeroradea.eu\/ro\/#website"},"datePublished":"2020-11-30T19:11:15+00:00","dateModified":"2026-01-13T12:03:53+00:00","breadcrumb":{"@id":"https:\/\/operasingeroradea.eu\/ro\/contact\/#breadcrumb"},"inLanguage":"ro-RO","potentialAction":[{"@type":"ReadAction","target":["https:\/\/operasingeroradea.eu\/ro\/contact\/"]}]},{"@type":"BreadcrumbList","@id":"https:\/\/operasingeroradea.eu\/ro\/contact\/#breadcrumb","itemListElement":[{"@type":"ListItem","position":1,"name":"Kezd\u0151lap","item":"https:\/\/operasingeroradea.eu\/ro\/"},{"@type":"ListItem","position":2,"name":"Contact"}]},{"@type":"WebSite","@id":"https:\/\/operasingeroradea.eu\/ro\/#website","url":"https:\/\/operasingeroradea.eu\/ro\/","name":"Opera Singer Oradea","description":"Iosif Viktor artist liric, contratenor","publisher":{"@id":"https:\/\/operasingeroradea.eu\/ro\/#\/schema\/person\/da4d888c51e6a8735a3b0514063f3f43"},"potentialAction":[{"@type":"SearchAction","target":{"@type":"EntryPoint","urlTemplate":"https:\/\/operasingeroradea.eu\/ro\/?s={search_term_string}"},"query-input":{"@type":"PropertyValueSpecification","valueRequired":true,"valueName":"search_term_string"}}],"inLanguage":"ro-RO"},{"@type":["Person","Organization"],"@id":"https:\/\/operasingeroradea.eu\/ro\/#\/schema\/person\/da4d888c51e6a8735a3b0514063f3f43","name":"admin_RO","image":{"@type":"ImageObject","inLanguage":"ro-RO","@id":"https:\/\/secure.gravatar.com\/avatar\/50f8d9ac10a7ba023baaa52f8eda05b9004a88816d0743ee6324746c08ad0604?s=96&d=mm&r=g","url":"https:\/\/secure.gravatar.com\/avatar\/50f8d9ac10a7ba023baaa52f8eda05b9004a88816d0743ee6324746c08ad0604?s=96&d=mm&r=g","contentUrl":"https:\/\/secure.gravatar.com\/avatar\/50f8d9ac10a7ba023baaa52f8eda05b9004a88816d0743ee6324746c08ad0604?s=96&d=mm&r=g","caption":"admin_RO"},"logo":{"@id":"https:\/\/secure.gravatar.com\/avatar\/50f8d9ac10a7ba023baaa52f8eda05b9004a88816d0743ee6324746c08ad0604?s=96&d=mm&r=g"}}]}},"_links":{"self":[{"href":"https:\/\/operasingeroradea.eu\/ro\/wp-json\/wp\/v2\/pages\/7","targetHints":{"allow":["GET"]}}],"collection":[{"href":"https:\/\/operasingeroradea.eu\/ro\/wp-json\/wp\/v2\/pages"}],"about":[{"href":"https:\/\/operasingeroradea.eu\/ro\/wp-json\/wp\/v2\/types\/page"}],"author":[{"embeddable":true,"href":"https:\/\/operasingeroradea.eu\/ro\/wp-json\/wp\/v2\/users\/1"}],"replies":[{"embeddable":true,"href":"https:\/\/operasingeroradea.eu\/ro\/wp-json\/wp\/v2\/comments?post=7"}],"version-history":[{"count":10,"href":"https:\/\/operasingeroradea.eu\/ro\/wp-json\/wp\/v2\/pages\/7\/revisions"}],"predecessor-version":[{"id":209,"href":"https:\/\/operasingeroradea.eu\/ro\/wp-json\/wp\/v2\/pages\/7\/revisions\/209"}],"wp:attachment":[{"href":"https:\/\/operasingeroradea.eu\/ro\/wp-json\/wp\/v2\/media?parent=7"}],"curies":[{"name":"wp","href":"https:\/\/api.w.org\/{rel}","templated":true}]}}