{"id":22,"date":"2020-11-30T20:58:16","date_gmt":"2020-11-30T20:58:16","guid":{"rendered":"https:\/\/operasingeroradea.eu\/ro\/?page_id=22"},"modified":"2026-01-13T11:58:58","modified_gmt":"2026-01-13T11:58:58","slug":"repertoriul-complect","status":"publish","type":"page","link":"https:\/\/operasingeroradea.eu\/ro\/iosif-viktor-contratenor\/repertoriul-complect\/","title":{"rendered":"Viktor Josif &#8211; Artist Liric, Contratenor"},"content":{"rendered":"\n<h2 class=\"wp-block-heading has-text-align-center\">Repertoriu complect<\/h2>\n\n\n\n<h2 class=\"wp-block-heading\"><strong><em>OPER\u0102&nbsp;<\/em><\/strong><\/h2>\n\n\n\n<div style=\"height:20px\" aria-hidden=\"true\" class=\"wp-block-spacer\"><\/div>\n\n\n\n<ol class=\"wp-block-list\">\n<li>Lascia, Ch\u2019io Pianga din opera Rinaldo \u2013 <em>Georg\u00a0 Friedrich H\u00e4ndel<\/em><\/li>\n\n\n\n<li>O cessate di piagarmi din opera Il Pompeo \u2013 <em>Alessandro Scarlatti<\/em><\/li>\n\n\n\n<li>Voi che sapete din opera Le Nozze de Figaro (Nunta lui Figaro) \u2013 <em>Wolfgang Amadeus Mozart<\/em><\/li>\n\n\n\n<li>Che faro senza Euridice? din opera Orfeo ed Euridice (Orfeo \u015fi Euridice) \u2013 <em>Christoph Willibald Gluck<\/em><\/li>\n\n\n\n<li>\u00a0Non so piu cosa son din opera Le Nozze di Figaro (Nunta lui Figaro) \u2013<em> Wolfgang Amadeus Mozart<\/em><\/li>\n\n\n\n<li><em>\u00a0<\/em>Dove sei, amato bene? din opera Rodelinda \u2013 <em>Georg Friedrich H\u00e4ndel<\/em><\/li>\n\n\n\n<li>\u00a0Cara speme, questo core din opera Giulio Cesare \u2013 <em>Georg Friedrich H\u00e4ndel<\/em><\/li>\n\n\n\n<li>\u00a0Mio cor che mi sai dir din opera Rinaldo &#8211;\u00a0 <em>Georg Friedrich H\u00e4ndel<\/em><\/li>\n\n\n\n<li>\u00a0Sebben, crudele din opera La Constanza in amor vince l\u2019inganno \u2013 <em>Antonio Caldara<\/em><\/li>\n\n\n\n<li>\u00a0Cara sposa din opera Rinaldo &#8211; <em>Georg Friedrich H\u00e4ndel<\/em><\/li>\n\n\n\n<li>\u00a0Ombra mai fu din opera Xerxes &#8211; <em>Georg Friedrich H\u00e4ndel<\/em><\/li>\n\n\n\n<li>\u00a0Tornami a vagheggiar din opera Alcina &#8211; <em>Georg Friedrich H\u00e4ndel<\/em><\/li>\n\n\n\n<li>\u00a0O mio babbino caro din opera Gianni Schicchi \u2013 <em>Giacomo Puccini<\/em><\/li>\n\n\n\n<li>\u00a0Che puro ciel din opera Orfeo ed Euridice (Orfeo \u015fi Euridice) \u2013 <em>Christoph Willibald Gluck<\/em><\/li>\n\n\n\n<li>\u00a0Cold song din opera King Arthur (Regele Arthur) \u2013 <em>Henry Purcell<\/em><\/li>\n\n\n\n<li>\u00a0La Vergine degli Angeli din opera La forza del destino (For\u0163a destinului) \u2013 <em>Giuseppe Verdi<\/em><\/li>\n\n\n\n<li>\u00a0No, no che quest alma din opera Rinaldo \u2013 <em>Georg Friedrich H\u00e4ndel<\/em><\/li>\n\n\n\n<li>\u00a0Barcarolle (partea de sopran\u0103) din opera Les Contes d\u2019Hoffmann (Povestirile lui Hoffmann)<em> \u2013 Jacques Offenbach<\/em><\/li>\n\n\n\n<li>\u00a0Duetto buffo di due Gatti (partea de sopran\u0103) \u2013 <em>Gioachino Rossini<\/em><\/li>\n\n\n\n<li><em>\u00a0<\/em>Saper vorreste din opera Un Ballo in Maschera (Bal Mascat) \u2013 <em>Giuseppe Verdi<\/em><\/li>\n\n\n\n<li>\u00a0Volta la terrea din opera Un Ballo in Maschera (Bal Mascat) \u2013 <em>Giuseppe Verdi<\/em><\/li>\n\n\n\n<li>\u00a0Alles f\u00fchlt der Liebe Freuden din opera Magic Flute (Flautul Fermecat) \u2013 <em>Wolfgang Amadeus Mozart<\/em><\/li>\n<\/ol>\n\n\n\n<div style=\"height:25px\" aria-hidden=\"true\" class=\"wp-block-spacer\"><\/div>\n\n\n\n<h2 class=\"wp-block-heading\"><strong><em>OPERET\u0102<\/em><\/strong><\/h2>\n\n\n\n<div style=\"height:20px\" aria-hidden=\"true\" class=\"wp-block-spacer\"><\/div>\n\n\n\n<ol start=\"23\" class=\"wp-block-list\">\n<li>\u00cemi place s\u0103 invit oaspe\u0163i (Ich lade gern mir g\u00e4ste ein) din opereta Die Fledermaus (Liliacul) \u2013 <em>Johann Strauss<\/em><\/li>\n\n\n\n<li>\u00a0Departe este p\u0103durea mare from the opereta Zigeunerliebe (Dragoste de \u0163igan) \u2013 <em>Leh\u00e1r Ferenc<\/em><\/li>\n\n\n\n<li><em>\u00a0<\/em>Juliska din Budapesta (Die Juliska aus Budapest) din opereta Maske in Blau (Masca Albastr\u0103) \u2013 <em>Fred Raymond<\/em><\/li>\n\n\n\n<li>\u00a0Petru Hajm\u00e1si din opereta Sylvia Regina Cs\u00e1rd\u00e1\u015fului\u00a0 \u2013 <em>K\u00e1lm\u00e1n Imre<\/em><\/li>\n\n\n\n<li>\u00a0Cluj Napoca este un ora\u015f frumos din opereta Contesa Mariza \u2013 <em>K\u00e1lm\u00e1n Imre<\/em><\/li>\n\n\n\n<li>\u00a0O ce via\u0163\u0103 nebun\u0103 din opereta Sylvia Regina Cs\u00e1rd\u00e1\u015fului\u00a0 \u2013 <em>K\u00e1lm\u00e1n Imre<\/em><\/li>\n\n\n\n<li><em>\u00a0<\/em>Vis, vis, dulce vis din opereta Sylvia Regina Cs\u00e1rd\u00e1\u015fului\u00a0 \u2013 <em>K\u00e1lm\u00e1n Imre<\/em><\/li>\n\n\n\n<li>\u00a0Viola mea csengeri de pe um\u0103rul meu din opereta Contesa Mariza \u2013 <em>K\u00e1lm\u00e1n Imre<\/em><\/li>\n\n\n\n<li>\u00a0Lumea interesant\u0103 de chimbalist din opereta Magnatul Miska \u2013 <em>Szirmai Albert<\/em><\/li>\n\n\n\n<li>\u00a0C\u00e2nta\u0163i numai p\u00e2n\u0103 \u00een zorii str\u0103lucitori din opereta Sylvia Regina Cs\u00e1rd\u00e1\u015fului\u00a0 \u2013 <em>K\u00e1lm\u00e1n Imre<\/em><\/li>\n\n\n\n<li>\u00a0\u00cen frumosul Hortob\u00e1gy din opereta Locotenenta Maria \u2013 <em>Huszka Jen\u0151<\/em><\/li>\n<\/ol>\n\n\n\n<div style=\"height:25px\" aria-hidden=\"true\" class=\"wp-block-spacer\"><\/div>\n\n\n\n<h2 class=\"wp-block-heading\"><strong><em>LIED, LIED ORATORIU<\/em><\/strong><\/h2>\n\n\n\n<div style=\"height:20px\" aria-hidden=\"true\" class=\"wp-block-spacer\"><\/div>\n\n\n\n<ol start=\"34\" class=\"wp-block-list\">\n<li>\u00a0Dragul Meu \u2013 Caro Mio Ben \u2013 <em>Tomasso Giordani<\/em><\/li>\n\n\n\n<li>\u00a0Panis Angelicus \u2013 <em>C\u00e9sar Franck<\/em><\/li>\n\n\n\n<li>\u00a0C\u00e2ntecul c\u0103l\u0103tirului (Lied zur Gesellenreise) \u2013 <em>Wolfgang Amadeus Mozart<\/em><\/li>\n\n\n\n<li>\u00a0Ave Maria \u2013 <em>Johann Sebastian Bach, Charles Gounod<\/em><\/li>\n\n\n\n<li>\u00a0Vino, vino iubitul meu (Vieni, vieni o mio diletto) \u2013 <em>Antonio Vivaldi<\/em><\/li>\n\n\n\n<li>\u00a0Ave Maria \u2013 <em>Giulio Caccini<\/em><\/li>\n\n\n\n<li>\u00a0Minnelied Op. 34 \u2013 <em>Felix<\/em> <em>Mendelssohn-Bartholdy<\/em><\/li>\n\n\n\n<li>\u00a0\u00cencerc s\u0103 zbor din boala iubirii (I attempt from Love\u2019s sickness to fly) \u2013 <em>Henry Purcell<\/em><\/li>\n\n\n\n<li>\u00a0Serenada (St\u00e4ndchen) \u2013 <em>Johannes Brahms<\/em><\/li>\n\n\n\n<li>\u00a0C\u00e2ntec de leag\u0103n (Wiegenlied) \u2013 <em>Johannes<\/em> <em>Brahms<\/em><\/li>\n\n\n\n<li>\u00a0Pl\u0103cerea Iubirii (Plaisir D\u2019Amour) \u2013 <em>Giovanni Martini Battista<\/em><\/li>\n\n\n\n<li>\u00a0Vei fi cu mine (Bist du bei mir) \u2013 <em>Gottfried Heinrich St\u00f6lzer<\/em><\/li>\n\n\n\n<li>\u00a0Ave Maria \u2013 <em>Franz Schubert<\/em><\/li>\n\n\n\n<li>\u00a0Ave Verum \u2013 <em>Adolphe Adam<\/em><\/li>\n\n\n\n<li>\u00a0Ave Verum Corpus \u2013 <em>Wolfgang Amadeus Mozart<\/em><\/li>\n\n\n\n<li>\u00a0Heiden-R\u00f6slein \u2013 <em>Franz Schubert<\/em><\/li>\n\n\n\n<li>\u00a0Serenada (St\u00e4ndchen) \u2013 <em>Franz Schubert<\/em><\/li>\n\n\n\n<li>\u00a0O sacrificu salvator (O salutaris hostia) \u2013 <em>Gabriel Faur\u00e9<\/em><\/li>\n\n\n\n<li>\u00a0Veni creator spiritus \u2013 <em>Eszterh\u00e1zy P\u00e1l<\/em><\/li>\n\n\n\n<li>\u00a0Pie Jesu din Requiem \u2013 <em>Andrew Lloyd Webber<\/em><\/li>\n\n\n\n<li>\u00a0Ave Maria \u2013 <em>Micha\u0142 Lorenc<\/em><\/li>\n\n\n\n<li>\u00a0Ave Maria \u2013 <em>Jacques Arcadelt<\/em><\/li>\n\n\n\n<li>\u00a0Fie-\u0163i mil\u0103, Doamne! (Pieta, Signore!)<em> \u2013 Alessandro Stradella<\/em><\/li>\n\n\n\n<li>\u00a0Binecuv\u00e2nteaz\u0103 marele har al lui Dumnezeu (\u00c1ldjuk Isten nagy kegyelm\u00e9t) <em>\u2013 Szokolay S\u00e1ndor<\/em><\/li>\n\n\n\n<li><em>\u00a0<\/em>Ave Maria din opera Cavalleria Rusticana \u2013 <em>Pietro Mascagni<\/em><\/li>\n\n\n\n<li><em>\u00a0<\/em>Ave Maria \u2013 <em>Mathilde C. Marchesi<\/em><\/li>\n\n\n\n<li><em>\u00a0<\/em>Ave Maria \u2013 <em>Wolf P\u00e9ter<\/em><\/li>\n\n\n\n<li>\u00a0Gloria \u2013 <em>Boros Beatrice<\/em><\/li>\n\n\n\n<li>\u00a0Ave Maria \u2013 <em>Boros Beatrice<\/em><\/li>\n\n\n\n<li>\u00a0Toamna &#8211; poezia lui F\u00f3ri\u00e1n Andrea \u2013 <em>Boros Beatrice<\/em><\/li>\n\n\n\n<li>\u00a0Mama &#8211; poezia lui F\u00f3ri\u00e1n Andrea \u00a0\u2013 <em>Boros Beatrice<\/em><\/li>\n\n\n\n<li>\u00a0Stabat Mater \u2013 <em>Boros Beatrice<\/em><\/li>\n<\/ol>\n\n\n\n<div style=\"height:25px\" aria-hidden=\"true\" class=\"wp-block-spacer\"><\/div>\n\n\n\n<h2 class=\"wp-block-heading\"><strong><em>LIED ROM\u00c2NESC<\/em><\/strong><\/h2>\n\n\n\n<div style=\"height:20px\" aria-hidden=\"true\" class=\"wp-block-spacer\"><\/div>\n\n\n\n<ol start=\"66\" class=\"wp-block-list\">\n<li>Taci mireas\u0103, nu mai pl\u00e2nge \u2013 <em>Tiberiu Brediceanu<\/em><\/li>\n\n\n\n<li>\u00a0Floricic\u0103 de pe ap\u0103&#8230; din \u201cLa Seceri\u015f\u201d (1936) \u2013 <em>Tiberiu Brediceanu<\/em><\/li>\n\n\n\n<li>\u00a0C\u00eentec de adormit mi\u0163ura \u2013 <em>Paul Constantinescu<\/em><\/li>\n\n\n\n<li><em>\u00a0<\/em>Copacul \u2013 <em>Zsolt Kerest\u00e9ly<\/em><\/li>\n<\/ol>\n\n\n\n<div style=\"height:25px\" aria-hidden=\"true\" class=\"wp-block-spacer\"><\/div>\n\n\n\n<h2 class=\"wp-block-heading\"><strong><em>VOCAL-SIMFONIC <\/em><\/strong><\/h2>\n\n\n\n<div style=\"height:20px\" aria-hidden=\"true\" class=\"wp-block-spacer\"><\/div>\n\n\n\n<p>70. A fost odat\u0103 un lac (Olim lacus colueram) from Carmina Burana \u2013 <em>Carl Orff<\/em><\/p>\n\n\n\n<div style=\"height:25px\" aria-hidden=\"true\" class=\"wp-block-spacer\"><\/div>\n\n\n\n<h2 class=\"wp-block-heading\"><strong><em>MUZIC\u0102 DE FILM <\/em><\/strong><\/h2>\n\n\n\n<div style=\"height:20px\" aria-hidden=\"true\" class=\"wp-block-spacer\"><\/div>\n\n\n\n<ol start=\"71\" class=\"wp-block-list\">\n<li>Vorbe\u015fte mai rar (Parla pi\u00f9 piano) din filmul Love them from \u201cThe Godfather\u201d \u2013 <em>Nino Rota<\/em><\/li>\n\n\n\n<li>\u00a0A fost odat\u0103 \u00een Vest (Once upon a time in the West) \u2013 <em>Ennio Morricone<\/em><\/li>\n\n\n\n<li>\u00a0Bucur\u0103-te Sf\u00e2nta Regin\u0103 (Hail Holy Queen) din filmul Sister Act \u2013 <em>Marc Shaiman<\/em><\/li>\n\n\n\n<li>\u00a0\u00cel voi urma (I will follow Him) din filmul Sister Act \u2013 <em>Peter Weltens<\/em><\/li>\n\n\n\n<li>\u00a0O, ce zi minnunat\u0103 (Oh, Happy Day) din filmul Sister Act \u2013 <em>Edwin R. Hawkins<\/em><\/li>\n\n\n\n<li>\u00a0Salve Regina din filmul Jandarmii (Le Gendarme et les extra-terrestres) \u2013 <em>Raymond Lef\u00e8vre<\/em><\/li>\n<\/ol>\n\n\n\n<div style=\"height:25px\" aria-hidden=\"true\" class=\"wp-block-spacer\"><\/div>\n\n\n\n<h2 class=\"wp-block-heading\"><strong><em>MUZIC\u0102 U\u015eOAR\u0102 <\/em><\/strong><\/h2>\n\n\n\n<div style=\"height:20px\" aria-hidden=\"true\" class=\"wp-block-spacer\"><\/div>\n\n\n\n<p>77. S\u0103rut\u0103-m\u0103 mult (Besame Mucho) \u2013 <em>Consuelo Velasquez<\/em><\/p>\n\n\n\n<div style=\"height:25px\" aria-hidden=\"true\" class=\"wp-block-spacer\"><\/div>\n\n\n\n<h2 class=\"wp-block-heading\"><strong><em>MUSICAL<\/em><\/strong><\/h2>\n\n\n\n<div style=\"height:20px\" aria-hidden=\"true\" class=\"wp-block-spacer\"><\/div>\n\n\n\n<p>78. Memory din musicalul Pisicii (Memory) from Cats \u2013 <em>Andrew Lloyd Webber<\/em><\/p>\n\n\n\n<div style=\"height:25px\" aria-hidden=\"true\" class=\"wp-block-spacer\"><\/div>\n\n\n\n<h2 class=\"wp-block-heading\"><strong><em>PIESE PENTRU CR\u0102CIUN<\/em><\/strong><\/h2>\n\n\n\n<div style=\"height:20px\" aria-hidden=\"true\" class=\"wp-block-spacer\"><\/div>\n\n\n\n<ol start=\"79\" class=\"wp-block-list\">\n<li>O, sear\u0103 sf\u00e2nt\u0103 (O, holy night) \u2013 <em>Adolphe Adam<\/em><\/li>\n\n\n\n<li>A fost odat\u0103 \u00een Deecembrie (Once upon a December) din desenele animate Anastasia \u2013 <em>Stephen Flaherty<\/em><\/li>\n\n\n\n<li>Voi, to\u0163i credincio\u015fii (Adeste fideles) \u2013 <em>Traditional<\/em><\/li>\n\n\n\n<li>Gra\u0163ie Minunat\u0103 (Amazing Grace) \u2013 <em>John Newton<\/em><\/li>\n\n\n\n<li>\u00cengeri \u015fi P\u0103stori (Angelus Pastoribus) \u2013 <em>Traditional<\/em><\/li>\n\n\n\n<li>Noapte de vis (Silent Night) &#8211; <em>Franz Xaver Gruber<\/em><\/li>\n\n\n\n<li>Fericire Lumii (Joy to the World) \u2013 <em>Georg Friedrich H\u00e4ndel<\/em><\/li>\n\n\n\n<li>Cr\u0103ciun Fericit! (Feliz Navidad \/ I Wanna Wish You A Merry Christmas) \u2013 <em>Jos\u00e9 Feliciano<\/em><\/li>\n\n\n\n<li>Tot ce \u00eemi doresc de Cr\u0103ciun e\u015fti tu (All I Want For Christmas Is You) \u2013 <em>Walter Afanasieff, Mariah Carey<\/em><\/li>\n<\/ol>\n\n\n\n<div style=\"height:100px\" aria-hidden=\"true\" class=\"wp-block-spacer\"><\/div>\n\n\n\n<p class=\"has-text-align-left\"><strong>My Social Media:<\/strong><\/p>\n\n\n\n<ul class=\"wp-block-social-links is-layout-flex wp-block-social-links-is-layout-flex\"><li class=\"wp-social-link wp-social-link-facebook  wp-block-social-link\"><a href=\"https:\/\/www.facebook.com\/countertenor.viktor.iosif\/\" class=\"wp-block-social-link-anchor\"><svg width=\"24\" height=\"24\" viewBox=\"0 0 24 24\" version=\"1.1\" xmlns=\"http:\/\/www.w3.org\/2000\/svg\" aria-hidden=\"true\" focusable=\"false\"><path d=\"M12 2C6.5 2 2 6.5 2 12c0 5 3.7 9.1 8.4 9.9v-7H7.9V12h2.5V9.8c0-2.5 1.5-3.9 3.8-3.9 1.1 0 2.2.2 2.2.2v2.5h-1.3c-1.2 0-1.6.8-1.6 1.6V12h2.8l-.4 2.9h-2.3v7C18.3 21.1 22 17 22 12c0-5.5-4.5-10-10-10z\"><\/path><\/svg><span class=\"wp-block-social-link-label screen-reader-text\">Facebook<\/span><\/a><\/li>\n\n\n\n<li class=\"wp-social-link wp-social-link-instagram  wp-block-social-link\"><a href=\"https:\/\/www.instagram.com\/countertenor.iosif.viktor\/\" class=\"wp-block-social-link-anchor\"><svg width=\"24\" height=\"24\" viewBox=\"0 0 24 24\" version=\"1.1\" xmlns=\"http:\/\/www.w3.org\/2000\/svg\" aria-hidden=\"true\" focusable=\"false\"><path d=\"M12,4.622c2.403,0,2.688,0.009,3.637,0.052c0.877,0.04,1.354,0.187,1.671,0.31c0.42,0.163,0.72,0.358,1.035,0.673 c0.315,0.315,0.51,0.615,0.673,1.035c0.123,0.317,0.27,0.794,0.31,1.671c0.043,0.949,0.052,1.234,0.052,3.637 s-0.009,2.688-0.052,3.637c-0.04,0.877-0.187,1.354-0.31,1.671c-0.163,0.42-0.358,0.72-0.673,1.035 c-0.315,0.315-0.615,0.51-1.035,0.673c-0.317,0.123-0.794,0.27-1.671,0.31c-0.949,0.043-1.233,0.052-3.637,0.052 s-2.688-0.009-3.637-0.052c-0.877-0.04-1.354-0.187-1.671-0.31c-0.42-0.163-0.72-0.358-1.035-0.673 c-0.315-0.315-0.51-0.615-0.673-1.035c-0.123-0.317-0.27-0.794-0.31-1.671C4.631,14.688,4.622,14.403,4.622,12 s0.009-2.688,0.052-3.637c0.04-0.877,0.187-1.354,0.31-1.671c0.163-0.42,0.358-0.72,0.673-1.035 c0.315-0.315,0.615-0.51,1.035-0.673c0.317-0.123,0.794-0.27,1.671-0.31C9.312,4.631,9.597,4.622,12,4.622 M12,3 C9.556,3,9.249,3.01,8.289,3.054C7.331,3.098,6.677,3.25,6.105,3.472C5.513,3.702,5.011,4.01,4.511,4.511 c-0.5,0.5-0.808,1.002-1.038,1.594C3.25,6.677,3.098,7.331,3.054,8.289C3.01,9.249,3,9.556,3,12c0,2.444,0.01,2.751,0.054,3.711 c0.044,0.958,0.196,1.612,0.418,2.185c0.23,0.592,0.538,1.094,1.038,1.594c0.5,0.5,1.002,0.808,1.594,1.038 c0.572,0.222,1.227,0.375,2.185,0.418C9.249,20.99,9.556,21,12,21s2.751-0.01,3.711-0.054c0.958-0.044,1.612-0.196,2.185-0.418 c0.592-0.23,1.094-0.538,1.594-1.038c0.5-0.5,0.808-1.002,1.038-1.594c0.222-0.572,0.375-1.227,0.418-2.185 C20.99,14.751,21,14.444,21,12s-0.01-2.751-0.054-3.711c-0.044-0.958-0.196-1.612-0.418-2.185c-0.23-0.592-0.538-1.094-1.038-1.594 c-0.5-0.5-1.002-0.808-1.594-1.038c-0.572-0.222-1.227-0.375-2.185-0.418C14.751,3.01,14.444,3,12,3L12,3z M12,7.378 c-2.552,0-4.622,2.069-4.622,4.622S9.448,16.622,12,16.622s4.622-2.069,4.622-4.622S14.552,7.378,12,7.378z M12,15 c-1.657,0-3-1.343-3-3s1.343-3,3-3s3,1.343,3,3S13.657,15,12,15z M16.804,6.116c-0.596,0-1.08,0.484-1.08,1.08 s0.484,1.08,1.08,1.08c0.596,0,1.08-0.484,1.08-1.08S17.401,6.116,16.804,6.116z\"><\/path><\/svg><span class=\"wp-block-social-link-label screen-reader-text\">Instagram<\/span><\/a><\/li>\n\n\n\n<li class=\"wp-social-link wp-social-link-youtube  wp-block-social-link\"><a href=\"https:\/\/www.youtube.com\/channel\/UC2cjASfkSZAbAQs1L672HPg\" class=\"wp-block-social-link-anchor\"><svg width=\"24\" height=\"24\" viewBox=\"0 0 24 24\" version=\"1.1\" xmlns=\"http:\/\/www.w3.org\/2000\/svg\" aria-hidden=\"true\" focusable=\"false\"><path d=\"M21.8,8.001c0,0-0.195-1.378-0.795-1.985c-0.76-0.797-1.613-0.801-2.004-0.847c-2.799-0.202-6.997-0.202-6.997-0.202 h-0.009c0,0-4.198,0-6.997,0.202C4.608,5.216,3.756,5.22,2.995,6.016C2.395,6.623,2.2,8.001,2.2,8.001S2,9.62,2,11.238v1.517 c0,1.618,0.2,3.237,0.2,3.237s0.195,1.378,0.795,1.985c0.761,0.797,1.76,0.771,2.205,0.855c1.6,0.153,6.8,0.201,6.8,0.201 s4.203-0.006,7.001-0.209c0.391-0.047,1.243-0.051,2.004-0.847c0.6-0.607,0.795-1.985,0.795-1.985s0.2-1.618,0.2-3.237v-1.517 C22,9.62,21.8,8.001,21.8,8.001z M9.935,14.594l-0.001-5.62l5.404,2.82L9.935,14.594z\"><\/path><\/svg><span class=\"wp-block-social-link-label screen-reader-text\">YouTube<\/span><\/a><\/li><\/ul>\n","protected":false},"excerpt":{"rendered":"<p>Repertoriu complect OPER\u0102&nbsp; OPERET\u0102 LIED, LIED ORATORIU LIED ROM\u00c2NESC VOCAL-SIMFONIC 70. A fost odat\u0103 un lac (Olim lacus colueram) from<span class=\"more-button\"><a href=\"https:\/\/operasingeroradea.eu\/ro\/iosif-viktor-contratenor\/repertoriul-complect\/\" class=\"more-link\">Mai multe detalii<span class=\"screen-reader-text\">Viktor Josif &#8211; Artist Liric, Contratenor<\/span><\/a><\/span><\/p>\n","protected":false},"author":1,"featured_media":0,"parent":10,"menu_order":0,"comment_status":"closed","ping_status":"closed","template":"","meta":{"footnotes":""},"class_list":["post-22","page","type-page","status-publish","hentry"],"yoast_head":"<!-- This site is optimized with the Yoast SEO plugin v27.5 - https:\/\/yoast.com\/product\/yoast-seo-wordpress\/ -->\n<title>Viktor Josif - Artist Liric, Contratenor - Opera Singer Oradea<\/title>\n<meta name=\"robots\" content=\"index, follow, max-snippet:-1, max-image-preview:large, max-video-preview:-1\" \/>\n<link rel=\"canonical\" href=\"https:\/\/operasingeroradea.eu\/ro\/iosif-viktor-contratenor\/repertoriul-complect\/\" \/>\n<meta property=\"og:locale\" content=\"ro_RO\" \/>\n<meta property=\"og:type\" content=\"article\" \/>\n<meta property=\"og:title\" content=\"Viktor Josif - Artist Liric, Contratenor - Opera Singer Oradea\" \/>\n<meta property=\"og:description\" content=\"Repertoriu complect OPER\u0102&nbsp; OPERET\u0102 LIED, LIED ORATORIU LIED ROM\u00c2NESC VOCAL-SIMFONIC 70. A fost odat\u0103 un lac (Olim lacus colueram) fromMai multe detaliiViktor Josif &#8211; Artist Liric, Contratenor\" \/>\n<meta property=\"og:url\" content=\"https:\/\/operasingeroradea.eu\/ro\/iosif-viktor-contratenor\/repertoriul-complect\/\" \/>\n<meta property=\"og:site_name\" content=\"Opera Singer Oradea\" \/>\n<meta property=\"article:modified_time\" content=\"2026-01-13T11:58:58+00:00\" \/>\n<meta name=\"twitter:card\" content=\"summary_large_image\" \/>\n<meta name=\"twitter:label1\" content=\"Timp estimat pentru citire\" \/>\n\t<meta name=\"twitter:data1\" content=\"5 minute\" \/>\n<script type=\"application\/ld+json\" class=\"yoast-schema-graph\">{\"@context\":\"https:\\\/\\\/schema.org\",\"@graph\":[{\"@type\":\"WebPage\",\"@id\":\"https:\\\/\\\/operasingeroradea.eu\\\/ro\\\/iosif-viktor-contratenor\\\/repertoriul-complect\\\/\",\"url\":\"https:\\\/\\\/operasingeroradea.eu\\\/ro\\\/iosif-viktor-contratenor\\\/repertoriul-complect\\\/\",\"name\":\"Viktor Josif - Artist Liric, Contratenor - Opera Singer Oradea\",\"isPartOf\":{\"@id\":\"https:\\\/\\\/operasingeroradea.eu\\\/ro\\\/#website\"},\"datePublished\":\"2020-11-30T20:58:16+00:00\",\"dateModified\":\"2026-01-13T11:58:58+00:00\",\"breadcrumb\":{\"@id\":\"https:\\\/\\\/operasingeroradea.eu\\\/ro\\\/iosif-viktor-contratenor\\\/repertoriul-complect\\\/#breadcrumb\"},\"inLanguage\":\"ro-RO\",\"potentialAction\":[{\"@type\":\"ReadAction\",\"target\":[\"https:\\\/\\\/operasingeroradea.eu\\\/ro\\\/iosif-viktor-contratenor\\\/repertoriul-complect\\\/\"]}]},{\"@type\":\"BreadcrumbList\",\"@id\":\"https:\\\/\\\/operasingeroradea.eu\\\/ro\\\/iosif-viktor-contratenor\\\/repertoriul-complect\\\/#breadcrumb\",\"itemListElement\":[{\"@type\":\"ListItem\",\"position\":1,\"name\":\"Kezd\u0151lap\",\"item\":\"https:\\\/\\\/operasingeroradea.eu\\\/ro\\\/\"},{\"@type\":\"ListItem\",\"position\":2,\"name\":\"S\u0103 facem cuno\u015ftin\u0163\u0103!\",\"item\":\"https:\\\/\\\/operasingeroradea.eu\\\/ro\\\/iosif-viktor-contratenor\\\/\"},{\"@type\":\"ListItem\",\"position\":3,\"name\":\"Viktor Josif &#8211; Artist Liric, Contratenor\"}]},{\"@type\":\"WebSite\",\"@id\":\"https:\\\/\\\/operasingeroradea.eu\\\/ro\\\/#website\",\"url\":\"https:\\\/\\\/operasingeroradea.eu\\\/ro\\\/\",\"name\":\"Opera Singer Oradea\",\"description\":\"Iosif Viktor artist liric, contratenor\",\"publisher\":{\"@id\":\"https:\\\/\\\/operasingeroradea.eu\\\/ro\\\/#\\\/schema\\\/person\\\/da4d888c51e6a8735a3b0514063f3f43\"},\"potentialAction\":[{\"@type\":\"SearchAction\",\"target\":{\"@type\":\"EntryPoint\",\"urlTemplate\":\"https:\\\/\\\/operasingeroradea.eu\\\/ro\\\/?s={search_term_string}\"},\"query-input\":{\"@type\":\"PropertyValueSpecification\",\"valueRequired\":true,\"valueName\":\"search_term_string\"}}],\"inLanguage\":\"ro-RO\"},{\"@type\":[\"Person\",\"Organization\"],\"@id\":\"https:\\\/\\\/operasingeroradea.eu\\\/ro\\\/#\\\/schema\\\/person\\\/da4d888c51e6a8735a3b0514063f3f43\",\"name\":\"admin_RO\",\"image\":{\"@type\":\"ImageObject\",\"inLanguage\":\"ro-RO\",\"@id\":\"https:\\\/\\\/secure.gravatar.com\\\/avatar\\\/50f8d9ac10a7ba023baaa52f8eda05b9004a88816d0743ee6324746c08ad0604?s=96&d=mm&r=g\",\"url\":\"https:\\\/\\\/secure.gravatar.com\\\/avatar\\\/50f8d9ac10a7ba023baaa52f8eda05b9004a88816d0743ee6324746c08ad0604?s=96&d=mm&r=g\",\"contentUrl\":\"https:\\\/\\\/secure.gravatar.com\\\/avatar\\\/50f8d9ac10a7ba023baaa52f8eda05b9004a88816d0743ee6324746c08ad0604?s=96&d=mm&r=g\",\"caption\":\"admin_RO\"},\"logo\":{\"@id\":\"https:\\\/\\\/secure.gravatar.com\\\/avatar\\\/50f8d9ac10a7ba023baaa52f8eda05b9004a88816d0743ee6324746c08ad0604?s=96&d=mm&r=g\"}}]}<\/script>\n<!-- \/ Yoast SEO plugin. -->","yoast_head_json":{"title":"Viktor Josif - Artist Liric, Contratenor - Opera Singer Oradea","robots":{"index":"index","follow":"follow","max-snippet":"max-snippet:-1","max-image-preview":"max-image-preview:large","max-video-preview":"max-video-preview:-1"},"canonical":"https:\/\/operasingeroradea.eu\/ro\/iosif-viktor-contratenor\/repertoriul-complect\/","og_locale":"ro_RO","og_type":"article","og_title":"Viktor Josif - Artist Liric, Contratenor - Opera Singer Oradea","og_description":"Repertoriu complect OPER\u0102&nbsp; OPERET\u0102 LIED, LIED ORATORIU LIED ROM\u00c2NESC VOCAL-SIMFONIC 70. A fost odat\u0103 un lac (Olim lacus colueram) fromMai multe detaliiViktor Josif &#8211; Artist Liric, Contratenor","og_url":"https:\/\/operasingeroradea.eu\/ro\/iosif-viktor-contratenor\/repertoriul-complect\/","og_site_name":"Opera Singer Oradea","article_modified_time":"2026-01-13T11:58:58+00:00","twitter_card":"summary_large_image","twitter_misc":{"Timp estimat pentru citire":"5 minute"},"schema":{"@context":"https:\/\/schema.org","@graph":[{"@type":"WebPage","@id":"https:\/\/operasingeroradea.eu\/ro\/iosif-viktor-contratenor\/repertoriul-complect\/","url":"https:\/\/operasingeroradea.eu\/ro\/iosif-viktor-contratenor\/repertoriul-complect\/","name":"Viktor Josif - Artist Liric, Contratenor - Opera Singer Oradea","isPartOf":{"@id":"https:\/\/operasingeroradea.eu\/ro\/#website"},"datePublished":"2020-11-30T20:58:16+00:00","dateModified":"2026-01-13T11:58:58+00:00","breadcrumb":{"@id":"https:\/\/operasingeroradea.eu\/ro\/iosif-viktor-contratenor\/repertoriul-complect\/#breadcrumb"},"inLanguage":"ro-RO","potentialAction":[{"@type":"ReadAction","target":["https:\/\/operasingeroradea.eu\/ro\/iosif-viktor-contratenor\/repertoriul-complect\/"]}]},{"@type":"BreadcrumbList","@id":"https:\/\/operasingeroradea.eu\/ro\/iosif-viktor-contratenor\/repertoriul-complect\/#breadcrumb","itemListElement":[{"@type":"ListItem","position":1,"name":"Kezd\u0151lap","item":"https:\/\/operasingeroradea.eu\/ro\/"},{"@type":"ListItem","position":2,"name":"S\u0103 facem cuno\u015ftin\u0163\u0103!","item":"https:\/\/operasingeroradea.eu\/ro\/iosif-viktor-contratenor\/"},{"@type":"ListItem","position":3,"name":"Viktor Josif &#8211; Artist Liric, Contratenor"}]},{"@type":"WebSite","@id":"https:\/\/operasingeroradea.eu\/ro\/#website","url":"https:\/\/operasingeroradea.eu\/ro\/","name":"Opera Singer Oradea","description":"Iosif Viktor artist liric, contratenor","publisher":{"@id":"https:\/\/operasingeroradea.eu\/ro\/#\/schema\/person\/da4d888c51e6a8735a3b0514063f3f43"},"potentialAction":[{"@type":"SearchAction","target":{"@type":"EntryPoint","urlTemplate":"https:\/\/operasingeroradea.eu\/ro\/?s={search_term_string}"},"query-input":{"@type":"PropertyValueSpecification","valueRequired":true,"valueName":"search_term_string"}}],"inLanguage":"ro-RO"},{"@type":["Person","Organization"],"@id":"https:\/\/operasingeroradea.eu\/ro\/#\/schema\/person\/da4d888c51e6a8735a3b0514063f3f43","name":"admin_RO","image":{"@type":"ImageObject","inLanguage":"ro-RO","@id":"https:\/\/secure.gravatar.com\/avatar\/50f8d9ac10a7ba023baaa52f8eda05b9004a88816d0743ee6324746c08ad0604?s=96&d=mm&r=g","url":"https:\/\/secure.gravatar.com\/avatar\/50f8d9ac10a7ba023baaa52f8eda05b9004a88816d0743ee6324746c08ad0604?s=96&d=mm&r=g","contentUrl":"https:\/\/secure.gravatar.com\/avatar\/50f8d9ac10a7ba023baaa52f8eda05b9004a88816d0743ee6324746c08ad0604?s=96&d=mm&r=g","caption":"admin_RO"},"logo":{"@id":"https:\/\/secure.gravatar.com\/avatar\/50f8d9ac10a7ba023baaa52f8eda05b9004a88816d0743ee6324746c08ad0604?s=96&d=mm&r=g"}}]}},"_links":{"self":[{"href":"https:\/\/operasingeroradea.eu\/ro\/wp-json\/wp\/v2\/pages\/22","targetHints":{"allow":["GET"]}}],"collection":[{"href":"https:\/\/operasingeroradea.eu\/ro\/wp-json\/wp\/v2\/pages"}],"about":[{"href":"https:\/\/operasingeroradea.eu\/ro\/wp-json\/wp\/v2\/types\/page"}],"author":[{"embeddable":true,"href":"https:\/\/operasingeroradea.eu\/ro\/wp-json\/wp\/v2\/users\/1"}],"replies":[{"embeddable":true,"href":"https:\/\/operasingeroradea.eu\/ro\/wp-json\/wp\/v2\/comments?post=22"}],"version-history":[{"count":10,"href":"https:\/\/operasingeroradea.eu\/ro\/wp-json\/wp\/v2\/pages\/22\/revisions"}],"predecessor-version":[{"id":204,"href":"https:\/\/operasingeroradea.eu\/ro\/wp-json\/wp\/v2\/pages\/22\/revisions\/204"}],"up":[{"embeddable":true,"href":"https:\/\/operasingeroradea.eu\/ro\/wp-json\/wp\/v2\/pages\/10"}],"wp:attachment":[{"href":"https:\/\/operasingeroradea.eu\/ro\/wp-json\/wp\/v2\/media?parent=22"}],"curies":[{"name":"wp","href":"https:\/\/api.w.org\/{rel}","templated":true}]}}