{"id":2,"date":"2016-05-10T03:48:21","date_gmt":"2016-05-10T03:48:21","guid":{"rendered":"https:\/\/operasingeroradea.eu\/ro\/?page_id=2"},"modified":"2022-10-09T19:20:44","modified_gmt":"2022-10-09T19:20:44","slug":"operasingeroradea-eu-ro","status":"publish","type":"page","link":"https:\/\/operasingeroradea.eu\/ro\/","title":{"rendered":"Iosif Viktor contratenor"},"content":{"rendered":"\n<h2 class=\"has-text-align-center wp-block-heading\">Ambasadorul operei<\/h2>\n\n\n\n<blockquote class=\"wp-block-quote is-style-large is-layout-flow wp-block-quote-is-layout-flow\"><p>&#8222;Muzica este o revela\u0163ie mai mare dec\u00e2t toat\u0103 \u00een\u0163elepciunea \u015fi filozofia.<br>Muzica este solul \u00een care spiritul tr\u0103ie\u015fte, g\u00e2nde\u015fte \u015fi creaz\u0103.<br>Muzica este mediatorul \u00eentre via\u0163a spiritual\u0103 \u015fi cea trupeasc\u0103.<br>Muzica este graiul sufletului. Ea st\u00e2rne\u015fte \u00een noi, nu instinctele, ci g\u00e2ndurile cele mai profunde.<br>Muzica trebuie s\u0103 aduc\u0103 foc \u00een inimile b\u0103rba\u0163ilor \u015fi lacrimi \u00een ochii doamnelor.&#8221; <\/p><p><strong>~ Ludwig van Beethoven ~<\/strong><\/p><\/blockquote>\n\n\n\n<div style=\"height:25px\" aria-hidden=\"true\" class=\"wp-block-spacer\"><\/div>\n\n\n\n<p>Pentru mine c\u00e2ntatul este \u201cmunc\u0103\u201d, o \u201cmunc\u0103\u201d frumoas\u0103 \u015fi umil\u0103. Atunci sunt fericit c\u00e2nd v\u0103d c\u0103 am efect \u201cmuzical\u201d asupra publicului, c\u00e2nd la sf\u00e2r\u015fitul concertului, evenimentului vine lumea s\u0103 m\u0103 felicite sau s\u0103 \u00eemi povesteasc\u0103 despre revela\u0163ia pe care a tr\u0103it-o \u00een timpul acestuia.<\/p>\n\n\n\n<p>\u201cStimate domn artist m-i s-a f\u0103cut pielea de g\u0103in\u0103 \u00een timpul interpret\u0103rii dumneavoastr\u0103, chiar m-a p\u0103truns, deci acest lucru \u00eenseamn\u0103 c\u0103 sunte\u0163i un adev\u0103rat artist liric profesionist!\u201d<\/p>\n\n\n\n<p>C\u00e2nd v\u0103d c\u0103 primesc foarte multe aplauze sau c\u00e2nd unii \u00ee\u015fi \u015fterg lacrimile simt c\u0103 \u201cmunca\u201d mea nu a fost degeaba. M\u0103 bucur c\u0103 pot transmite ceea ce tr\u0103iesc cu adev\u0103rat \u015fi c\u0103 unii vin s\u0103 se delecteze \u015fi s\u0103 uite de stresul prin care trec poate chiar zilnic.<\/p>\n\n\n\n<p>Sunt solist invitat la numeroase concerte, festivaluri \u015fi recitaluri at\u00e2t \u00een \u0163ar\u0103 c\u00e2t \u015fi \u00een str\u0103in\u0103tate.<\/p>\n\n\n\n<p>\u00cen momentul actual sunt colaborator la Teatrul Regina Maria din Oradea, juc\u00e2nd \u00een comediile Domnul Jurdan \u015fi \u00cen Plin\u0103 Glorie! al\u0103turi de Trupa Iosif Vulcan, respectiv solist invitat la Opera Na\u0163ional\u0103 Rom\u00e2n\u0103 din Cluj Napoca.<\/p>\n\n\n\n<p>Am colaborat cu regizori cunoscu\u0163i, ca: Horia Ballint, Victor Ioan Frunz\u0103, Cristian Ioan, manageri de teatru: Daniel Vulcu, Elvira R\u00eembu \u015fi dirijori, ca: Valentin Laz\u0103r, Romeo R\u00eembu.<\/p>\n\n\n\n<div style=\"height:36px\" aria-hidden=\"true\" class=\"wp-block-spacer\"><\/div>\n\n\n\n<h2 class=\"has-text-align-center wp-block-heading\"><strong>Defini\u0163ia termenului de \u201ccontratenor\u201d<\/strong><\/h2>\n\n\n\n<div style=\"height:38px\" aria-hidden=\"true\" class=\"wp-block-spacer\"><\/div>\n\n\n\n<p>Contratenorul este un solist vocal (b\u0103rbat) care, printr-un efort de rezonan\u0163\u0103 toracic\u0103, \u00ee\u015fi controleaz\u0103 coardele vocale \u00een a\u015fa fel \u00eenc\u00e2t reu\u015fe\u015fte s\u0103 c\u00e2nte cu voce de contralto (\u00eentre tenor \u015fi mezzosopran\u0103) sau chiar de mezzosopran\u0103 (foarte rar ca o sopran\u0103).<\/p>\n\n\n\n<p>Pentru aceasta el folose\u015fte a\u015fa-numita voce de cap. O voce bun\u0103 de contratenor nu se deosebe\u015fte practic de vocea de mezzosopran\u0103 sau chiar cea de sopran\u0103. Eu nu c\u00e2nt cu voce de cap. Sunt un contratenor care de\u0163ine calit\u0103\u0163ile vocii de sopran\u0103, vocea mea fiind natural\u0103.<\/p>\n\n\n\n<p><strong>Dac\u0103 dori\u0163i s\u0103 v\u0103 organiza\u0163i nunta mai deosebit\u0103, ziua de na\u015ftere sau orice alt eveniment familiar, nu ezita\u0163i s\u0103 m\u0103 contacta\u0163i!<\/strong><\/p>\n\n\n\n<p><strong>Dac\u0103 sunte\u0163i organizator de evenimente \u015fi dori\u0163i o reprezenta\u0163ie cu adev\u0103rat unic, special sau clasic, nu ezita\u0163i s\u0103 m\u0103 contacta\u0163i!<\/strong><\/p>\n\n\n\n<div class=\"wp-block-buttons is-content-justification-center is-layout-flex wp-container-core-buttons-is-layout-16018d1d wp-block-buttons-is-layout-flex\">\n<div class=\"wp-block-button\"><a class=\"wp-block-button__link\" href=\"https:\/\/operasingeroradea.eu\/ro\/iosif-viktor-contratenor\/recomandare-si-media\/\">Recomandare \u015fi media<\/a><\/div>\n<\/div>\n\n\n\n<div style=\"height:20px\" aria-hidden=\"true\" class=\"wp-block-spacer\"><\/div>\n\n\n\n<div class=\"wp-block-buttons is-content-justification-center is-layout-flex wp-container-core-buttons-is-layout-16018d1d wp-block-buttons-is-layout-flex\">\n<div class=\"wp-block-button\"><a class=\"wp-block-button__link\" href=\"https:\/\/operasingeroradea.eu\/ro\/contact\/\">Contact<\/a><\/div>\n<\/div>\n\n\n\n<div style=\"height:20px\" aria-hidden=\"true\" class=\"wp-block-spacer\"><\/div>\n\n\n\n<figure align=\"middle\"><iframe width=\"700\" height=\"394\" data-src=\"https:\/\/www.youtube.com\/embed\/nld6UVgZaLk\" frameborder=\"0\" allow=\"accelerometer; autoplay; clipboard-write; encrypted-media; gyroscope; picture-in-picture\" allowfullscreen=\"\" src=\"data:image\/svg+xml;base64,PHN2ZyB3aWR0aD0iMSIgaGVpZ2h0PSIxIiB4bWxucz0iaHR0cDovL3d3dy53My5vcmcvMjAwMC9zdmciPjwvc3ZnPg==\" class=\"lazyload\" data-load-mode=\"1\"><\/iframe><\/figure>\n\n\n\n<p class=\"has-text-align-center\">Gloria &amp; Ave Maria &#8211; compozitoare: Beatrice Boros, interpret: Iosif Viktor \u015fi Beatrice Boros &#8211; Biserica romano-catolic\u0103 Sf. Ladislau din Oradea, 09. martie. 2019, Festivalului Compozitoare de Femei, edi\u0163ia a XI-a.<\/p>\n\n\n\n<div style=\"height:100px\" aria-hidden=\"true\" class=\"wp-block-spacer\"><\/div>\n\n\n\n<p class=\"has-text-align-left\"><strong>My Social Media:<\/strong><\/p>\n\n\n\n<ul class=\"wp-block-social-links alignleft is-layout-flex wp-block-social-links-is-layout-flex\">\n\n\n\n<li class=\"wp-social-link wp-social-link-instagram  wp-block-social-link\"><a href=\"https:\/\/www.instagram.com\/countertenor.iosif.viktor\/\" class=\"wp-block-social-link-anchor\"><svg width=\"24\" height=\"24\" viewBox=\"0 0 24 24\" version=\"1.1\" xmlns=\"http:\/\/www.w3.org\/2000\/svg\" aria-hidden=\"true\" focusable=\"false\"><path d=\"M12,4.622c2.403,0,2.688,0.009,3.637,0.052c0.877,0.04,1.354,0.187,1.671,0.31c0.42,0.163,0.72,0.358,1.035,0.673 c0.315,0.315,0.51,0.615,0.673,1.035c0.123,0.317,0.27,0.794,0.31,1.671c0.043,0.949,0.052,1.234,0.052,3.637 s-0.009,2.688-0.052,3.637c-0.04,0.877-0.187,1.354-0.31,1.671c-0.163,0.42-0.358,0.72-0.673,1.035 c-0.315,0.315-0.615,0.51-1.035,0.673c-0.317,0.123-0.794,0.27-1.671,0.31c-0.949,0.043-1.233,0.052-3.637,0.052 s-2.688-0.009-3.637-0.052c-0.877-0.04-1.354-0.187-1.671-0.31c-0.42-0.163-0.72-0.358-1.035-0.673 c-0.315-0.315-0.51-0.615-0.673-1.035c-0.123-0.317-0.27-0.794-0.31-1.671C4.631,14.688,4.622,14.403,4.622,12 s0.009-2.688,0.052-3.637c0.04-0.877,0.187-1.354,0.31-1.671c0.163-0.42,0.358-0.72,0.673-1.035 c0.315-0.315,0.615-0.51,1.035-0.673c0.317-0.123,0.794-0.27,1.671-0.31C9.312,4.631,9.597,4.622,12,4.622 M12,3 C9.556,3,9.249,3.01,8.289,3.054C7.331,3.098,6.677,3.25,6.105,3.472C5.513,3.702,5.011,4.01,4.511,4.511 c-0.5,0.5-0.808,1.002-1.038,1.594C3.25,6.677,3.098,7.331,3.054,8.289C3.01,9.249,3,9.556,3,12c0,2.444,0.01,2.751,0.054,3.711 c0.044,0.958,0.196,1.612,0.418,2.185c0.23,0.592,0.538,1.094,1.038,1.594c0.5,0.5,1.002,0.808,1.594,1.038 c0.572,0.222,1.227,0.375,2.185,0.418C9.249,20.99,9.556,21,12,21s2.751-0.01,3.711-0.054c0.958-0.044,1.612-0.196,2.185-0.418 c0.592-0.23,1.094-0.538,1.594-1.038c0.5-0.5,0.808-1.002,1.038-1.594c0.222-0.572,0.375-1.227,0.418-2.185 C20.99,14.751,21,14.444,21,12s-0.01-2.751-0.054-3.711c-0.044-0.958-0.196-1.612-0.418-2.185c-0.23-0.592-0.538-1.094-1.038-1.594 c-0.5-0.5-1.002-0.808-1.594-1.038c-0.572-0.222-1.227-0.375-2.185-0.418C14.751,3.01,14.444,3,12,3L12,3z M12,7.378 c-2.552,0-4.622,2.069-4.622,4.622S9.448,16.622,12,16.622s4.622-2.069,4.622-4.622S14.552,7.378,12,7.378z M12,15 c-1.657,0-3-1.343-3-3s1.343-3,3-3s3,1.343,3,3S13.657,15,12,15z M16.804,6.116c-0.596,0-1.08,0.484-1.08,1.08 s0.484,1.08,1.08,1.08c0.596,0,1.08-0.484,1.08-1.08S17.401,6.116,16.804,6.116z\"><\/path><\/svg><span class=\"wp-block-social-link-label screen-reader-text\">Instagram<\/span><\/a><\/li>\n\n\n\n<li class=\"wp-social-link wp-social-link-youtube  wp-block-social-link\"><a href=\"https:\/\/www.youtube.com\/channel\/UC2cjASfkSZAbAQs1L672HPg\" class=\"wp-block-social-link-anchor\"><svg width=\"24\" height=\"24\" viewBox=\"0 0 24 24\" version=\"1.1\" xmlns=\"http:\/\/www.w3.org\/2000\/svg\" aria-hidden=\"true\" focusable=\"false\"><path d=\"M21.8,8.001c0,0-0.195-1.378-0.795-1.985c-0.76-0.797-1.613-0.801-2.004-0.847c-2.799-0.202-6.997-0.202-6.997-0.202 h-0.009c0,0-4.198,0-6.997,0.202C4.608,5.216,3.756,5.22,2.995,6.016C2.395,6.623,2.2,8.001,2.2,8.001S2,9.62,2,11.238v1.517 c0,1.618,0.2,3.237,0.2,3.237s0.195,1.378,0.795,1.985c0.761,0.797,1.76,0.771,2.205,0.855c1.6,0.153,6.8,0.201,6.8,0.201 s4.203-0.006,7.001-0.209c0.391-0.047,1.243-0.051,2.004-0.847c0.6-0.607,0.795-1.985,0.795-1.985s0.2-1.618,0.2-3.237v-1.517 C22,9.62,21.8,8.001,21.8,8.001z M9.935,14.594l-0.001-5.62l5.404,2.82L9.935,14.594z\"><\/path><\/svg><span class=\"wp-block-social-link-label screen-reader-text\">YouTube<\/span><\/a><\/li>\n\n\n\n<li class=\"wp-social-link wp-social-link-facebook  wp-block-social-link\"><a href=\"https:\/\/www.facebook.com\/countertenor.viktor.iosif\" class=\"wp-block-social-link-anchor\"><svg width=\"24\" height=\"24\" viewBox=\"0 0 24 24\" version=\"1.1\" xmlns=\"http:\/\/www.w3.org\/2000\/svg\" aria-hidden=\"true\" focusable=\"false\"><path d=\"M12 2C6.5 2 2 6.5 2 12c0 5 3.7 9.1 8.4 9.9v-7H7.9V12h2.5V9.8c0-2.5 1.5-3.9 3.8-3.9 1.1 0 2.2.2 2.2.2v2.5h-1.3c-1.2 0-1.6.8-1.6 1.6V12h2.8l-.4 2.9h-2.3v7C18.3 21.1 22 17 22 12c0-5.5-4.5-10-10-10z\"><\/path><\/svg><span class=\"wp-block-social-link-label screen-reader-text\">Facebook<\/span><\/a><\/li><\/ul>\n","protected":false},"excerpt":{"rendered":"<p>Ambasadorul operei &#8222;Muzica este o revela\u0163ie mai mare dec\u00e2t toat\u0103 \u00een\u0163elepciunea \u015fi filozofia.Muzica este solul \u00een care spiritul tr\u0103ie\u015fte, g\u00e2nde\u015fte<span class=\"more-button\"><a href=\"https:\/\/operasingeroradea.eu\/ro\/\" class=\"more-link\">Mai multe detalii<span class=\"screen-reader-text\">Iosif Viktor contratenor<\/span><\/a><\/span><\/p>\n","protected":false},"author":1,"featured_media":75,"parent":0,"menu_order":0,"comment_status":"closed","ping_status":"closed","template":"","meta":{"footnotes":""},"class_list":["post-2","page","type-page","status-publish","has-post-thumbnail","hentry"],"yoast_head":"<!-- This site is optimized with the Yoast SEO plugin v27.5 - https:\/\/yoast.com\/product\/yoast-seo-wordpress\/ -->\n<title>Iosif Viktor contratenor - Opera Singer Oradea<\/title>\n<meta name=\"description\" content=\"Opera Singer Oradea - Pentru mine c\u00e2ntatul este \u201cmunc\u0103\u201d, o \u201cmunc\u0103\u201d frumoas\u0103 \u015fi umil\u0103.\" \/>\n<meta name=\"robots\" content=\"index, follow, max-snippet:-1, max-image-preview:large, max-video-preview:-1\" \/>\n<link rel=\"canonical\" href=\"https:\/\/operasingeroradea.eu\/ro\/\" \/>\n<meta property=\"og:locale\" content=\"ro_RO\" \/>\n<meta property=\"og:type\" content=\"article\" \/>\n<meta property=\"og:title\" content=\"Iosif Viktor contratenor - Opera Singer Oradea\" \/>\n<meta property=\"og:description\" content=\"Opera Singer Oradea - Pentru mine c\u00e2ntatul este \u201cmunc\u0103\u201d, o \u201cmunc\u0103\u201d frumoas\u0103 \u015fi umil\u0103.\" \/>\n<meta property=\"og:url\" content=\"https:\/\/operasingeroradea.eu\/ro\/\" \/>\n<meta property=\"og:site_name\" content=\"Opera Singer Oradea\" \/>\n<meta property=\"article:modified_time\" content=\"2022-10-09T19:20:44+00:00\" \/>\n<meta property=\"og:image\" content=\"https:\/\/operasingeroradea.eu\/ro\/wp-content\/uploads\/2020\/12\/9F0A0076.jpg\" \/>\n\t<meta property=\"og:image:width\" content=\"2000\" \/>\n\t<meta property=\"og:image:height\" content=\"1334\" \/>\n\t<meta property=\"og:image:type\" content=\"image\/jpeg\" \/>\n<meta name=\"twitter:card\" content=\"summary_large_image\" \/>\n<meta name=\"twitter:label1\" content=\"Timp estimat pentru citire\" \/>\n\t<meta name=\"twitter:data1\" content=\"3 minute\" \/>\n<script type=\"application\/ld+json\" class=\"yoast-schema-graph\">{\"@context\":\"https:\\\/\\\/schema.org\",\"@graph\":[{\"@type\":\"WebPage\",\"@id\":\"https:\\\/\\\/operasingeroradea.eu\\\/ro\\\/\",\"url\":\"https:\\\/\\\/operasingeroradea.eu\\\/ro\\\/\",\"name\":\"Iosif Viktor contratenor - Opera Singer Oradea\",\"isPartOf\":{\"@id\":\"https:\\\/\\\/operasingeroradea.eu\\\/ro\\\/#website\"},\"primaryImageOfPage\":{\"@id\":\"https:\\\/\\\/operasingeroradea.eu\\\/ro\\\/#primaryimage\"},\"image\":{\"@id\":\"https:\\\/\\\/operasingeroradea.eu\\\/ro\\\/#primaryimage\"},\"thumbnailUrl\":\"https:\\\/\\\/operasingeroradea.eu\\\/ro\\\/wp-content\\\/uploads\\\/2020\\\/12\\\/9F0A0076.jpg\",\"datePublished\":\"2016-05-10T03:48:21+00:00\",\"dateModified\":\"2022-10-09T19:20:44+00:00\",\"description\":\"Opera Singer Oradea - Pentru mine c\u00e2ntatul este \u201cmunc\u0103\u201d, o \u201cmunc\u0103\u201d frumoas\u0103 \u015fi umil\u0103.\",\"breadcrumb\":{\"@id\":\"https:\\\/\\\/operasingeroradea.eu\\\/ro\\\/#breadcrumb\"},\"inLanguage\":\"ro-RO\",\"potentialAction\":[{\"@type\":\"ReadAction\",\"target\":[\"https:\\\/\\\/operasingeroradea.eu\\\/ro\\\/\"]}]},{\"@type\":\"ImageObject\",\"inLanguage\":\"ro-RO\",\"@id\":\"https:\\\/\\\/operasingeroradea.eu\\\/ro\\\/#primaryimage\",\"url\":\"https:\\\/\\\/operasingeroradea.eu\\\/ro\\\/wp-content\\\/uploads\\\/2020\\\/12\\\/9F0A0076.jpg\",\"contentUrl\":\"https:\\\/\\\/operasingeroradea.eu\\\/ro\\\/wp-content\\\/uploads\\\/2020\\\/12\\\/9F0A0076.jpg\",\"width\":2000,\"height\":1334},{\"@type\":\"BreadcrumbList\",\"@id\":\"https:\\\/\\\/operasingeroradea.eu\\\/ro\\\/#breadcrumb\",\"itemListElement\":[{\"@type\":\"ListItem\",\"position\":1,\"name\":\"Kezd\u0151lap\",\"item\":\"https:\\\/\\\/operasingeroradea.eu\\\/ro\\\/\"},{\"@type\":\"ListItem\",\"position\":2,\"name\":\"Iosif Viktor contratenor\"}]},{\"@type\":\"WebSite\",\"@id\":\"https:\\\/\\\/operasingeroradea.eu\\\/ro\\\/#website\",\"url\":\"https:\\\/\\\/operasingeroradea.eu\\\/ro\\\/\",\"name\":\"Opera Singer Oradea\",\"description\":\"Iosif Viktor artist liric, contratenor\",\"publisher\":{\"@id\":\"https:\\\/\\\/operasingeroradea.eu\\\/ro\\\/#\\\/schema\\\/person\\\/da4d888c51e6a8735a3b0514063f3f43\"},\"potentialAction\":[{\"@type\":\"SearchAction\",\"target\":{\"@type\":\"EntryPoint\",\"urlTemplate\":\"https:\\\/\\\/operasingeroradea.eu\\\/ro\\\/?s={search_term_string}\"},\"query-input\":{\"@type\":\"PropertyValueSpecification\",\"valueRequired\":true,\"valueName\":\"search_term_string\"}}],\"inLanguage\":\"ro-RO\"},{\"@type\":[\"Person\",\"Organization\"],\"@id\":\"https:\\\/\\\/operasingeroradea.eu\\\/ro\\\/#\\\/schema\\\/person\\\/da4d888c51e6a8735a3b0514063f3f43\",\"name\":\"admin_RO\",\"image\":{\"@type\":\"ImageObject\",\"inLanguage\":\"ro-RO\",\"@id\":\"https:\\\/\\\/secure.gravatar.com\\\/avatar\\\/50f8d9ac10a7ba023baaa52f8eda05b9004a88816d0743ee6324746c08ad0604?s=96&d=mm&r=g\",\"url\":\"https:\\\/\\\/secure.gravatar.com\\\/avatar\\\/50f8d9ac10a7ba023baaa52f8eda05b9004a88816d0743ee6324746c08ad0604?s=96&d=mm&r=g\",\"contentUrl\":\"https:\\\/\\\/secure.gravatar.com\\\/avatar\\\/50f8d9ac10a7ba023baaa52f8eda05b9004a88816d0743ee6324746c08ad0604?s=96&d=mm&r=g\",\"caption\":\"admin_RO\"},\"logo\":{\"@id\":\"https:\\\/\\\/secure.gravatar.com\\\/avatar\\\/50f8d9ac10a7ba023baaa52f8eda05b9004a88816d0743ee6324746c08ad0604?s=96&d=mm&r=g\"}}]}<\/script>\n<!-- \/ Yoast SEO plugin. -->","yoast_head_json":{"title":"Iosif Viktor contratenor - Opera Singer Oradea","description":"Opera Singer Oradea - Pentru mine c\u00e2ntatul este \u201cmunc\u0103\u201d, o \u201cmunc\u0103\u201d frumoas\u0103 \u015fi umil\u0103.","robots":{"index":"index","follow":"follow","max-snippet":"max-snippet:-1","max-image-preview":"max-image-preview:large","max-video-preview":"max-video-preview:-1"},"canonical":"https:\/\/operasingeroradea.eu\/ro\/","og_locale":"ro_RO","og_type":"article","og_title":"Iosif Viktor contratenor - Opera Singer Oradea","og_description":"Opera Singer Oradea - Pentru mine c\u00e2ntatul este \u201cmunc\u0103\u201d, o \u201cmunc\u0103\u201d frumoas\u0103 \u015fi umil\u0103.","og_url":"https:\/\/operasingeroradea.eu\/ro\/","og_site_name":"Opera Singer Oradea","article_modified_time":"2022-10-09T19:20:44+00:00","og_image":[{"width":2000,"height":1334,"url":"https:\/\/operasingeroradea.eu\/ro\/wp-content\/uploads\/2020\/12\/9F0A0076.jpg","type":"image\/jpeg"}],"twitter_card":"summary_large_image","twitter_misc":{"Timp estimat pentru citire":"3 minute"},"schema":{"@context":"https:\/\/schema.org","@graph":[{"@type":"WebPage","@id":"https:\/\/operasingeroradea.eu\/ro\/","url":"https:\/\/operasingeroradea.eu\/ro\/","name":"Iosif Viktor contratenor - Opera Singer Oradea","isPartOf":{"@id":"https:\/\/operasingeroradea.eu\/ro\/#website"},"primaryImageOfPage":{"@id":"https:\/\/operasingeroradea.eu\/ro\/#primaryimage"},"image":{"@id":"https:\/\/operasingeroradea.eu\/ro\/#primaryimage"},"thumbnailUrl":"https:\/\/operasingeroradea.eu\/ro\/wp-content\/uploads\/2020\/12\/9F0A0076.jpg","datePublished":"2016-05-10T03:48:21+00:00","dateModified":"2022-10-09T19:20:44+00:00","description":"Opera Singer Oradea - Pentru mine c\u00e2ntatul este \u201cmunc\u0103\u201d, o \u201cmunc\u0103\u201d frumoas\u0103 \u015fi umil\u0103.","breadcrumb":{"@id":"https:\/\/operasingeroradea.eu\/ro\/#breadcrumb"},"inLanguage":"ro-RO","potentialAction":[{"@type":"ReadAction","target":["https:\/\/operasingeroradea.eu\/ro\/"]}]},{"@type":"ImageObject","inLanguage":"ro-RO","@id":"https:\/\/operasingeroradea.eu\/ro\/#primaryimage","url":"https:\/\/operasingeroradea.eu\/ro\/wp-content\/uploads\/2020\/12\/9F0A0076.jpg","contentUrl":"https:\/\/operasingeroradea.eu\/ro\/wp-content\/uploads\/2020\/12\/9F0A0076.jpg","width":2000,"height":1334},{"@type":"BreadcrumbList","@id":"https:\/\/operasingeroradea.eu\/ro\/#breadcrumb","itemListElement":[{"@type":"ListItem","position":1,"name":"Kezd\u0151lap","item":"https:\/\/operasingeroradea.eu\/ro\/"},{"@type":"ListItem","position":2,"name":"Iosif Viktor contratenor"}]},{"@type":"WebSite","@id":"https:\/\/operasingeroradea.eu\/ro\/#website","url":"https:\/\/operasingeroradea.eu\/ro\/","name":"Opera Singer Oradea","description":"Iosif Viktor artist liric, contratenor","publisher":{"@id":"https:\/\/operasingeroradea.eu\/ro\/#\/schema\/person\/da4d888c51e6a8735a3b0514063f3f43"},"potentialAction":[{"@type":"SearchAction","target":{"@type":"EntryPoint","urlTemplate":"https:\/\/operasingeroradea.eu\/ro\/?s={search_term_string}"},"query-input":{"@type":"PropertyValueSpecification","valueRequired":true,"valueName":"search_term_string"}}],"inLanguage":"ro-RO"},{"@type":["Person","Organization"],"@id":"https:\/\/operasingeroradea.eu\/ro\/#\/schema\/person\/da4d888c51e6a8735a3b0514063f3f43","name":"admin_RO","image":{"@type":"ImageObject","inLanguage":"ro-RO","@id":"https:\/\/secure.gravatar.com\/avatar\/50f8d9ac10a7ba023baaa52f8eda05b9004a88816d0743ee6324746c08ad0604?s=96&d=mm&r=g","url":"https:\/\/secure.gravatar.com\/avatar\/50f8d9ac10a7ba023baaa52f8eda05b9004a88816d0743ee6324746c08ad0604?s=96&d=mm&r=g","contentUrl":"https:\/\/secure.gravatar.com\/avatar\/50f8d9ac10a7ba023baaa52f8eda05b9004a88816d0743ee6324746c08ad0604?s=96&d=mm&r=g","caption":"admin_RO"},"logo":{"@id":"https:\/\/secure.gravatar.com\/avatar\/50f8d9ac10a7ba023baaa52f8eda05b9004a88816d0743ee6324746c08ad0604?s=96&d=mm&r=g"}}]}},"_links":{"self":[{"href":"https:\/\/operasingeroradea.eu\/ro\/wp-json\/wp\/v2\/pages\/2","targetHints":{"allow":["GET"]}}],"collection":[{"href":"https:\/\/operasingeroradea.eu\/ro\/wp-json\/wp\/v2\/pages"}],"about":[{"href":"https:\/\/operasingeroradea.eu\/ro\/wp-json\/wp\/v2\/types\/page"}],"author":[{"embeddable":true,"href":"https:\/\/operasingeroradea.eu\/ro\/wp-json\/wp\/v2\/users\/1"}],"replies":[{"embeddable":true,"href":"https:\/\/operasingeroradea.eu\/ro\/wp-json\/wp\/v2\/comments?post=2"}],"version-history":[{"count":20,"href":"https:\/\/operasingeroradea.eu\/ro\/wp-json\/wp\/v2\/pages\/2\/revisions"}],"predecessor-version":[{"id":181,"href":"https:\/\/operasingeroradea.eu\/ro\/wp-json\/wp\/v2\/pages\/2\/revisions\/181"}],"wp:featuredmedia":[{"embeddable":true,"href":"https:\/\/operasingeroradea.eu\/ro\/wp-json\/wp\/v2\/media\/75"}],"wp:attachment":[{"href":"https:\/\/operasingeroradea.eu\/ro\/wp-json\/wp\/v2\/media?parent=2"}],"curies":[{"name":"wp","href":"https:\/\/api.w.org\/{rel}","templated":true}]}}