{"id":2,"date":"2016-05-10T03:48:21","date_gmt":"2016-05-10T03:48:21","guid":{"rendered":"https:\/\/operasingeroradea.eu\/en\/?page_id=2"},"modified":"2026-01-12T14:50:38","modified_gmt":"2026-01-12T14:50:38","slug":"operasingeroradea-eu-ro","status":"publish","type":"page","link":"https:\/\/operasingeroradea.eu\/en\/","title":{"rendered":"Joseph Viktor countertenor"},"content":{"rendered":"\n<h2 class=\"wp-block-heading has-text-align-center\">Ambassador of opera<\/h2>\n\n\n\n<blockquote class=\"wp-block-quote is-style-large is-layout-flow wp-block-quote-is-layout-flow\">\n<p>&#8220;Music is a revelation greater than all wisdom and philosophy.<br>Music is the soil in which the spirit lives, thinks, and creates.<br>Music is the mediator between spiritual and physical life.<br>Music is the language of the soul. It stirs in us not our instincts, but our deepest thoughts.<br>Music must bring fire to the hearts of men and tears to the eyes of women.&#8221;<\/p>\n\n\n\n<p><strong>~ Ludwig van Beethoven ~<\/strong><\/p>\n<\/blockquote>\n\n\n\n<div style=\"height:25px\" aria-hidden=\"true\" class=\"wp-block-spacer\"><\/div>\n\n\n\n<p>For me, singing is \u201cwork,\u201d beautiful and humble \u201cwork.\u201d I am happy when I see that I have had a \u201cmusical\u201d effect on the audience, when they come up to me at the end of the event to congratulate me and tell me about their experiences.<\/p>\n\n\n\n<p>&#8220;Dear artist, I got goosebumps, I was so moved by your high-level, professional singing!&#8221; Or when I see that the applause lasts a long time, or when they take out their handkerchiefs and fight back tears.<\/p>\n\n\n\n<p>That&#8217;s when I see that my &#8220;work&#8221; has not been in vain, and that those who come to forget their everyday stress and tensions and honor me with their presence have been enriched by the musical experience.<\/p>\n\n\n\n<p>As an opera singer in Oradea and a guest soloist, I have performed in numerous concerts, festivals, and recitals both in Hungary and abroad.<\/p>\n\n\n\n<p>I am currently collaborating on two productions by the Iosif Vulcan Company of the Queen Mary National Theater in Oradea (Mr. Zs\u00fard\u00e1n, In Full Splendor\/Glory), and I am also a guest soloist at the Romanian Opera in Cluj-Napoca.<\/p>\n\n\n\n<p>I am delighted to be working with such renowned directors as Horia Balint, Victor Ioan Frunz\u0103, and Cristian Ioan, as well as theater directors such as Daniel Vulcu and Elvira R\u00eembu, and conductors such as Valentin Laz\u0103r and Romeo R\u00eembu.<\/p>\n\n\n\n<h2 class=\"wp-block-heading has-text-align-center\">Would you like to know exactly what vocal range a countertenor sings in?<\/h2>\n\n\n\n<p>A countertenor is a male solo singer who can control\/produce sound through chest resonance in such a way that he sings in a contralto range (between tenor and mezzo-soprano) or even in a mezzo-soprano range (very rarely in a soprano range).<\/p>\n\n\n\n<p>Therefore, he uses the so-called head voice when producing sounds. A technically well-produced countertenor voice can rarely be distinguished from a mezzo-soprano or even a soprano voice.<\/p>\n\n\n\n<p>However, I do not sing in head voice; thanks to my unique abilities, I can sing in soprano range naturally.<\/p>\n\n\n\n<p><strong>If you want to make your wedding, birthday, or any other uplifting and important family or community event special, feel free to contact me!<\/strong><\/p>\n\n\n\n<p><strong>If you are an event organizer and would like something truly unique, special, classical, or popular, don&#8217;t hesitate to write to me!<\/strong><\/p>\n\n\n\n<div style=\"height:20px\" aria-hidden=\"true\" class=\"wp-block-spacer\"><\/div>\n\n\n\n<div class=\"wp-block-buttons is-content-justification-center is-layout-flex wp-container-core-buttons-is-layout-16018d1d wp-block-buttons-is-layout-flex\">\n<div class=\"wp-block-button\"><a class=\"wp-block-button__link wp-element-button\" href=\"https:\/\/operasingeroradea.eu\/en\/contact\/\">Contact<\/a><\/div>\n<\/div>\n\n\n\n<div style=\"height:20px\" aria-hidden=\"true\" class=\"wp-block-spacer\"><\/div>\n\n\n\n<figure align=\"middle\"><iframe width=\"700\" height=\"394\" data-src=\"https:\/\/www.youtube.com\/embed\/nld6UVgZaLk\" frameborder=\"0\" allow=\"accelerometer; autoplay; clipboard-write; encrypted-media; gyroscope; picture-in-picture\" allowfullscreen=\"\" src=\"data:image\/svg+xml;base64,PHN2ZyB3aWR0aD0iMSIgaGVpZ2h0PSIxIiB4bWxucz0iaHR0cDovL3d3dy53My5vcmcvMjAwMC9zdmciPjwvc3ZnPg==\" class=\"lazyload\" data-load-mode=\"1\"><\/iframe><\/figure>\n\n\n\n<p class=\"has-text-align-center\">Gloria &amp; Ave Maria \u2013 composer: Beatrice Boros, performers: J\u00f3zsef Viktor and Beatrice Boros \u2013 Oradea, St. Ladislaus Parish Church, March 9, 2019, XI. Festival of Women Composers<\/p>\n\n\n\n<div style=\"height:100px\" aria-hidden=\"true\" class=\"wp-block-spacer\"><\/div>\n\n\n\n<p class=\"has-text-align-left\"><strong>My Social Media:<\/strong><\/p>\n\n\n\n<ul class=\"wp-block-social-links alignleft is-layout-flex wp-block-social-links-is-layout-flex\">\n\n\n\n<li class=\"wp-social-link wp-social-link-instagram  wp-block-social-link\"><a href=\"https:\/\/www.instagram.com\/countertenor.iosif.viktor\/\" class=\"wp-block-social-link-anchor\"><svg width=\"24\" height=\"24\" viewBox=\"0 0 24 24\" version=\"1.1\" xmlns=\"http:\/\/www.w3.org\/2000\/svg\" aria-hidden=\"true\" focusable=\"false\"><path d=\"M12,4.622c2.403,0,2.688,0.009,3.637,0.052c0.877,0.04,1.354,0.187,1.671,0.31c0.42,0.163,0.72,0.358,1.035,0.673 c0.315,0.315,0.51,0.615,0.673,1.035c0.123,0.317,0.27,0.794,0.31,1.671c0.043,0.949,0.052,1.234,0.052,3.637 s-0.009,2.688-0.052,3.637c-0.04,0.877-0.187,1.354-0.31,1.671c-0.163,0.42-0.358,0.72-0.673,1.035 c-0.315,0.315-0.615,0.51-1.035,0.673c-0.317,0.123-0.794,0.27-1.671,0.31c-0.949,0.043-1.233,0.052-3.637,0.052 s-2.688-0.009-3.637-0.052c-0.877-0.04-1.354-0.187-1.671-0.31c-0.42-0.163-0.72-0.358-1.035-0.673 c-0.315-0.315-0.51-0.615-0.673-1.035c-0.123-0.317-0.27-0.794-0.31-1.671C4.631,14.688,4.622,14.403,4.622,12 s0.009-2.688,0.052-3.637c0.04-0.877,0.187-1.354,0.31-1.671c0.163-0.42,0.358-0.72,0.673-1.035 c0.315-0.315,0.615-0.51,1.035-0.673c0.317-0.123,0.794-0.27,1.671-0.31C9.312,4.631,9.597,4.622,12,4.622 M12,3 C9.556,3,9.249,3.01,8.289,3.054C7.331,3.098,6.677,3.25,6.105,3.472C5.513,3.702,5.011,4.01,4.511,4.511 c-0.5,0.5-0.808,1.002-1.038,1.594C3.25,6.677,3.098,7.331,3.054,8.289C3.01,9.249,3,9.556,3,12c0,2.444,0.01,2.751,0.054,3.711 c0.044,0.958,0.196,1.612,0.418,2.185c0.23,0.592,0.538,1.094,1.038,1.594c0.5,0.5,1.002,0.808,1.594,1.038 c0.572,0.222,1.227,0.375,2.185,0.418C9.249,20.99,9.556,21,12,21s2.751-0.01,3.711-0.054c0.958-0.044,1.612-0.196,2.185-0.418 c0.592-0.23,1.094-0.538,1.594-1.038c0.5-0.5,0.808-1.002,1.038-1.594c0.222-0.572,0.375-1.227,0.418-2.185 C20.99,14.751,21,14.444,21,12s-0.01-2.751-0.054-3.711c-0.044-0.958-0.196-1.612-0.418-2.185c-0.23-0.592-0.538-1.094-1.038-1.594 c-0.5-0.5-1.002-0.808-1.594-1.038c-0.572-0.222-1.227-0.375-2.185-0.418C14.751,3.01,14.444,3,12,3L12,3z M12,7.378 c-2.552,0-4.622,2.069-4.622,4.622S9.448,16.622,12,16.622s4.622-2.069,4.622-4.622S14.552,7.378,12,7.378z M12,15 c-1.657,0-3-1.343-3-3s1.343-3,3-3s3,1.343,3,3S13.657,15,12,15z M16.804,6.116c-0.596,0-1.08,0.484-1.08,1.08 s0.484,1.08,1.08,1.08c0.596,0,1.08-0.484,1.08-1.08S17.401,6.116,16.804,6.116z\"><\/path><\/svg><span class=\"wp-block-social-link-label screen-reader-text\">Instagram<\/span><\/a><\/li>\n\n\n\n<li class=\"wp-social-link wp-social-link-youtube  wp-block-social-link\"><a href=\"https:\/\/www.youtube.com\/channel\/UC2cjASfkSZAbAQs1L672HPg\" class=\"wp-block-social-link-anchor\"><svg width=\"24\" height=\"24\" viewBox=\"0 0 24 24\" version=\"1.1\" xmlns=\"http:\/\/www.w3.org\/2000\/svg\" aria-hidden=\"true\" focusable=\"false\"><path d=\"M21.8,8.001c0,0-0.195-1.378-0.795-1.985c-0.76-0.797-1.613-0.801-2.004-0.847c-2.799-0.202-6.997-0.202-6.997-0.202 h-0.009c0,0-4.198,0-6.997,0.202C4.608,5.216,3.756,5.22,2.995,6.016C2.395,6.623,2.2,8.001,2.2,8.001S2,9.62,2,11.238v1.517 c0,1.618,0.2,3.237,0.2,3.237s0.195,1.378,0.795,1.985c0.761,0.797,1.76,0.771,2.205,0.855c1.6,0.153,6.8,0.201,6.8,0.201 s4.203-0.006,7.001-0.209c0.391-0.047,1.243-0.051,2.004-0.847c0.6-0.607,0.795-1.985,0.795-1.985s0.2-1.618,0.2-3.237v-1.517 C22,9.62,21.8,8.001,21.8,8.001z M9.935,14.594l-0.001-5.62l5.404,2.82L9.935,14.594z\"><\/path><\/svg><span class=\"wp-block-social-link-label screen-reader-text\">YouTube<\/span><\/a><\/li>\n\n\n\n<li class=\"wp-social-link wp-social-link-facebook  wp-block-social-link\"><a href=\"https:\/\/www.facebook.com\/countertenor.viktor.iosif\" class=\"wp-block-social-link-anchor\"><svg width=\"24\" height=\"24\" viewBox=\"0 0 24 24\" version=\"1.1\" xmlns=\"http:\/\/www.w3.org\/2000\/svg\" aria-hidden=\"true\" focusable=\"false\"><path d=\"M12 2C6.5 2 2 6.5 2 12c0 5 3.7 9.1 8.4 9.9v-7H7.9V12h2.5V9.8c0-2.5 1.5-3.9 3.8-3.9 1.1 0 2.2.2 2.2.2v2.5h-1.3c-1.2 0-1.6.8-1.6 1.6V12h2.8l-.4 2.9h-2.3v7C18.3 21.1 22 17 22 12c0-5.5-4.5-10-10-10z\"><\/path><\/svg><span class=\"wp-block-social-link-label screen-reader-text\">Facebook<\/span><\/a><\/li><\/ul>\n","protected":false},"excerpt":{"rendered":"<p>Ambassador of opera &#8220;Music is a revelation greater than all wisdom and philosophy.Music is the soil in which the spirit<span class=\"more-button\"><a href=\"https:\/\/operasingeroradea.eu\/en\/\" class=\"more-link\">Read more<span class=\"screen-reader-text\">Joseph Viktor countertenor<\/span><\/a><\/span><\/p>\n","protected":false},"author":1,"featured_media":75,"parent":0,"menu_order":0,"comment_status":"closed","ping_status":"closed","template":"","meta":{"footnotes":""},"class_list":["post-2","page","type-page","status-publish","has-post-thumbnail","hentry"],"yoast_head":"<!-- This site is optimized with the Yoast SEO plugin v27.4 - https:\/\/yoast.com\/product\/yoast-seo-wordpress\/ -->\n<title>Joseph Viktor countertenor - Opera Singer Oradea<\/title>\n<meta name=\"description\" content=\"Opera Singer Oradea - Pentru mine c\u00e2ntatul este \u201cmunc\u0103\u201d, o \u201cmunc\u0103\u201d frumoas\u0103 \u015fi umil\u0103.\" \/>\n<meta name=\"robots\" content=\"index, follow, max-snippet:-1, max-image-preview:large, max-video-preview:-1\" \/>\n<link rel=\"canonical\" href=\"https:\/\/operasingeroradea.eu\/en\/\" \/>\n<meta property=\"og:locale\" content=\"en_US\" \/>\n<meta property=\"og:type\" content=\"article\" \/>\n<meta property=\"og:title\" content=\"Joseph Viktor countertenor - Opera Singer Oradea\" \/>\n<meta property=\"og:description\" content=\"Opera Singer Oradea - Pentru mine c\u00e2ntatul este \u201cmunc\u0103\u201d, o \u201cmunc\u0103\u201d frumoas\u0103 \u015fi umil\u0103.\" \/>\n<meta property=\"og:url\" content=\"https:\/\/operasingeroradea.eu\/en\/\" \/>\n<meta property=\"og:site_name\" content=\"Opera Singer Oradea\" \/>\n<meta property=\"article:modified_time\" content=\"2026-01-12T14:50:38+00:00\" \/>\n<meta property=\"og:image\" content=\"https:\/\/operasingeroradea.eu\/en\/wp-content\/uploads\/2020\/12\/9F0A0076.jpg\" \/>\n\t<meta property=\"og:image:width\" content=\"2000\" \/>\n\t<meta property=\"og:image:height\" content=\"1334\" \/>\n\t<meta property=\"og:image:type\" content=\"image\/jpeg\" \/>\n<meta name=\"twitter:card\" content=\"summary_large_image\" \/>\n<meta name=\"twitter:label1\" content=\"Est. reading time\" \/>\n\t<meta name=\"twitter:data1\" content=\"2 minutes\" \/>\n<script type=\"application\/ld+json\" class=\"yoast-schema-graph\">{\"@context\":\"https:\\\/\\\/schema.org\",\"@graph\":[{\"@type\":\"WebPage\",\"@id\":\"https:\\\/\\\/operasingeroradea.eu\\\/en\\\/\",\"url\":\"https:\\\/\\\/operasingeroradea.eu\\\/en\\\/\",\"name\":\"Joseph Viktor countertenor - Opera Singer Oradea\",\"isPartOf\":{\"@id\":\"https:\\\/\\\/operasingeroradea.eu\\\/en\\\/#website\"},\"primaryImageOfPage\":{\"@id\":\"https:\\\/\\\/operasingeroradea.eu\\\/en\\\/#primaryimage\"},\"image\":{\"@id\":\"https:\\\/\\\/operasingeroradea.eu\\\/en\\\/#primaryimage\"},\"thumbnailUrl\":\"https:\\\/\\\/operasingeroradea.eu\\\/en\\\/wp-content\\\/uploads\\\/2020\\\/12\\\/9F0A0076.jpg\",\"datePublished\":\"2016-05-10T03:48:21+00:00\",\"dateModified\":\"2026-01-12T14:50:38+00:00\",\"description\":\"Opera Singer Oradea - Pentru mine c\u00e2ntatul este \u201cmunc\u0103\u201d, o \u201cmunc\u0103\u201d frumoas\u0103 \u015fi umil\u0103.\",\"breadcrumb\":{\"@id\":\"https:\\\/\\\/operasingeroradea.eu\\\/en\\\/#breadcrumb\"},\"inLanguage\":\"en-US\",\"potentialAction\":[{\"@type\":\"ReadAction\",\"target\":[\"https:\\\/\\\/operasingeroradea.eu\\\/en\\\/\"]}]},{\"@type\":\"ImageObject\",\"inLanguage\":\"en-US\",\"@id\":\"https:\\\/\\\/operasingeroradea.eu\\\/en\\\/#primaryimage\",\"url\":\"https:\\\/\\\/operasingeroradea.eu\\\/en\\\/wp-content\\\/uploads\\\/2020\\\/12\\\/9F0A0076.jpg\",\"contentUrl\":\"https:\\\/\\\/operasingeroradea.eu\\\/en\\\/wp-content\\\/uploads\\\/2020\\\/12\\\/9F0A0076.jpg\",\"width\":2000,\"height\":1334},{\"@type\":\"BreadcrumbList\",\"@id\":\"https:\\\/\\\/operasingeroradea.eu\\\/en\\\/#breadcrumb\",\"itemListElement\":[{\"@type\":\"ListItem\",\"position\":1,\"name\":\"Kezd\u0151lap\",\"item\":\"https:\\\/\\\/operasingeroradea.eu\\\/en\\\/\"},{\"@type\":\"ListItem\",\"position\":2,\"name\":\"Joseph Viktor countertenor\"}]},{\"@type\":\"WebSite\",\"@id\":\"https:\\\/\\\/operasingeroradea.eu\\\/en\\\/#website\",\"url\":\"https:\\\/\\\/operasingeroradea.eu\\\/en\\\/\",\"name\":\"Opera Singer Oradea\",\"description\":\"Iosif Viktor lyric artist, countertenor\",\"publisher\":{\"@id\":\"https:\\\/\\\/operasingeroradea.eu\\\/en\\\/#\\\/schema\\\/person\\\/da4d888c51e6a8735a3b0514063f3f43\"},\"potentialAction\":[{\"@type\":\"SearchAction\",\"target\":{\"@type\":\"EntryPoint\",\"urlTemplate\":\"https:\\\/\\\/operasingeroradea.eu\\\/en\\\/?s={search_term_string}\"},\"query-input\":{\"@type\":\"PropertyValueSpecification\",\"valueRequired\":true,\"valueName\":\"search_term_string\"}}],\"inLanguage\":\"en-US\"},{\"@type\":[\"Person\",\"Organization\"],\"@id\":\"https:\\\/\\\/operasingeroradea.eu\\\/en\\\/#\\\/schema\\\/person\\\/da4d888c51e6a8735a3b0514063f3f43\",\"name\":\"admin_RO\",\"image\":{\"@type\":\"ImageObject\",\"inLanguage\":\"en-US\",\"@id\":\"https:\\\/\\\/secure.gravatar.com\\\/avatar\\\/50f8d9ac10a7ba023baaa52f8eda05b9004a88816d0743ee6324746c08ad0604?s=96&d=mm&r=g\",\"url\":\"https:\\\/\\\/secure.gravatar.com\\\/avatar\\\/50f8d9ac10a7ba023baaa52f8eda05b9004a88816d0743ee6324746c08ad0604?s=96&d=mm&r=g\",\"contentUrl\":\"https:\\\/\\\/secure.gravatar.com\\\/avatar\\\/50f8d9ac10a7ba023baaa52f8eda05b9004a88816d0743ee6324746c08ad0604?s=96&d=mm&r=g\",\"caption\":\"admin_RO\"},\"logo\":{\"@id\":\"https:\\\/\\\/secure.gravatar.com\\\/avatar\\\/50f8d9ac10a7ba023baaa52f8eda05b9004a88816d0743ee6324746c08ad0604?s=96&d=mm&r=g\"}}]}<\/script>\n<!-- \/ Yoast SEO plugin. -->","yoast_head_json":{"title":"Joseph Viktor countertenor - Opera Singer Oradea","description":"Opera Singer Oradea - Pentru mine c\u00e2ntatul este \u201cmunc\u0103\u201d, o \u201cmunc\u0103\u201d frumoas\u0103 \u015fi umil\u0103.","robots":{"index":"index","follow":"follow","max-snippet":"max-snippet:-1","max-image-preview":"max-image-preview:large","max-video-preview":"max-video-preview:-1"},"canonical":"https:\/\/operasingeroradea.eu\/en\/","og_locale":"en_US","og_type":"article","og_title":"Joseph Viktor countertenor - Opera Singer Oradea","og_description":"Opera Singer Oradea - Pentru mine c\u00e2ntatul este \u201cmunc\u0103\u201d, o \u201cmunc\u0103\u201d frumoas\u0103 \u015fi umil\u0103.","og_url":"https:\/\/operasingeroradea.eu\/en\/","og_site_name":"Opera Singer Oradea","article_modified_time":"2026-01-12T14:50:38+00:00","og_image":[{"width":2000,"height":1334,"url":"https:\/\/operasingeroradea.eu\/en\/wp-content\/uploads\/2020\/12\/9F0A0076.jpg","type":"image\/jpeg"}],"twitter_card":"summary_large_image","twitter_misc":{"Est. reading time":"2 minutes"},"schema":{"@context":"https:\/\/schema.org","@graph":[{"@type":"WebPage","@id":"https:\/\/operasingeroradea.eu\/en\/","url":"https:\/\/operasingeroradea.eu\/en\/","name":"Joseph Viktor countertenor - Opera Singer Oradea","isPartOf":{"@id":"https:\/\/operasingeroradea.eu\/en\/#website"},"primaryImageOfPage":{"@id":"https:\/\/operasingeroradea.eu\/en\/#primaryimage"},"image":{"@id":"https:\/\/operasingeroradea.eu\/en\/#primaryimage"},"thumbnailUrl":"https:\/\/operasingeroradea.eu\/en\/wp-content\/uploads\/2020\/12\/9F0A0076.jpg","datePublished":"2016-05-10T03:48:21+00:00","dateModified":"2026-01-12T14:50:38+00:00","description":"Opera Singer Oradea - Pentru mine c\u00e2ntatul este \u201cmunc\u0103\u201d, o \u201cmunc\u0103\u201d frumoas\u0103 \u015fi umil\u0103.","breadcrumb":{"@id":"https:\/\/operasingeroradea.eu\/en\/#breadcrumb"},"inLanguage":"en-US","potentialAction":[{"@type":"ReadAction","target":["https:\/\/operasingeroradea.eu\/en\/"]}]},{"@type":"ImageObject","inLanguage":"en-US","@id":"https:\/\/operasingeroradea.eu\/en\/#primaryimage","url":"https:\/\/operasingeroradea.eu\/en\/wp-content\/uploads\/2020\/12\/9F0A0076.jpg","contentUrl":"https:\/\/operasingeroradea.eu\/en\/wp-content\/uploads\/2020\/12\/9F0A0076.jpg","width":2000,"height":1334},{"@type":"BreadcrumbList","@id":"https:\/\/operasingeroradea.eu\/en\/#breadcrumb","itemListElement":[{"@type":"ListItem","position":1,"name":"Kezd\u0151lap","item":"https:\/\/operasingeroradea.eu\/en\/"},{"@type":"ListItem","position":2,"name":"Joseph Viktor countertenor"}]},{"@type":"WebSite","@id":"https:\/\/operasingeroradea.eu\/en\/#website","url":"https:\/\/operasingeroradea.eu\/en\/","name":"Opera Singer Oradea","description":"Iosif Viktor lyric artist, countertenor","publisher":{"@id":"https:\/\/operasingeroradea.eu\/en\/#\/schema\/person\/da4d888c51e6a8735a3b0514063f3f43"},"potentialAction":[{"@type":"SearchAction","target":{"@type":"EntryPoint","urlTemplate":"https:\/\/operasingeroradea.eu\/en\/?s={search_term_string}"},"query-input":{"@type":"PropertyValueSpecification","valueRequired":true,"valueName":"search_term_string"}}],"inLanguage":"en-US"},{"@type":["Person","Organization"],"@id":"https:\/\/operasingeroradea.eu\/en\/#\/schema\/person\/da4d888c51e6a8735a3b0514063f3f43","name":"admin_RO","image":{"@type":"ImageObject","inLanguage":"en-US","@id":"https:\/\/secure.gravatar.com\/avatar\/50f8d9ac10a7ba023baaa52f8eda05b9004a88816d0743ee6324746c08ad0604?s=96&d=mm&r=g","url":"https:\/\/secure.gravatar.com\/avatar\/50f8d9ac10a7ba023baaa52f8eda05b9004a88816d0743ee6324746c08ad0604?s=96&d=mm&r=g","contentUrl":"https:\/\/secure.gravatar.com\/avatar\/50f8d9ac10a7ba023baaa52f8eda05b9004a88816d0743ee6324746c08ad0604?s=96&d=mm&r=g","caption":"admin_RO"},"logo":{"@id":"https:\/\/secure.gravatar.com\/avatar\/50f8d9ac10a7ba023baaa52f8eda05b9004a88816d0743ee6324746c08ad0604?s=96&d=mm&r=g"}}]}},"_links":{"self":[{"href":"https:\/\/operasingeroradea.eu\/en\/wp-json\/wp\/v2\/pages\/2","targetHints":{"allow":["GET"]}}],"collection":[{"href":"https:\/\/operasingeroradea.eu\/en\/wp-json\/wp\/v2\/pages"}],"about":[{"href":"https:\/\/operasingeroradea.eu\/en\/wp-json\/wp\/v2\/types\/page"}],"author":[{"embeddable":true,"href":"https:\/\/operasingeroradea.eu\/en\/wp-json\/wp\/v2\/users\/1"}],"replies":[{"embeddable":true,"href":"https:\/\/operasingeroradea.eu\/en\/wp-json\/wp\/v2\/comments?post=2"}],"version-history":[{"count":22,"href":"https:\/\/operasingeroradea.eu\/en\/wp-json\/wp\/v2\/pages\/2\/revisions"}],"predecessor-version":[{"id":222,"href":"https:\/\/operasingeroradea.eu\/en\/wp-json\/wp\/v2\/pages\/2\/revisions\/222"}],"wp:featuredmedia":[{"embeddable":true,"href":"https:\/\/operasingeroradea.eu\/en\/wp-json\/wp\/v2\/media\/75"}],"wp:attachment":[{"href":"https:\/\/operasingeroradea.eu\/en\/wp-json\/wp\/v2\/media?parent=2"}],"curies":[{"name":"wp","href":"https:\/\/api.w.org\/{rel}","templated":true}]}}