{"id":18,"date":"2020-11-30T20:47:16","date_gmt":"2020-11-30T20:47:16","guid":{"rendered":"https:\/\/operasingeroradea.eu\/en\/?page_id=18"},"modified":"2026-01-12T13:12:12","modified_gmt":"2026-01-12T13:12:12","slug":"theater-performances","status":"publish","type":"page","link":"https:\/\/operasingeroradea.eu\/en\/joseph-viktor-countertenor\/theater-performances\/","title":{"rendered":"Theater performances"},"content":{"rendered":"\n<p>My theater work may seem bohemian and simple from the outside, but as a singer, it is just as demanding, yet I enjoy doing it! Not only do I have to pay attention to stage technique, but my singing performance must also be flawless every time. Just as my character demands it then and there!<\/p>\n\n\n\n<div style=\"height:30px\" aria-hidden=\"true\" class=\"wp-block-spacer\"><\/div>\n\n\n\n<h2 class=\"wp-block-heading has-text-align-center\"><strong>In full glory! \u00cen plin\u0103 Glorie!<\/strong><\/h2>\n\n\n\n<p class=\"has-text-align-center\"><strong>Written by Peter Quilter<\/strong><\/p>\n\n\n\n<div style=\"height:20px\" aria-hidden=\"true\" class=\"wp-block-spacer\"><\/div>\n\n\n\n<p><strong>Artistic direction: Cristian Ioan<\/strong><\/p>\n\n\n<div class=\"wp-block-image\">\n<figure class=\"alignright size-large is-resized\"><img decoding=\"async\" data-src=\"http:\/\/www.operasingeroradea.eu\/wp-content\/uploads\/2020\/08\/IN-PLINA-GLORIE-MIC-100-x-70-717x1024.jpg\" alt=\"\" style=\"--smush-placeholder-width: 717px; --smush-placeholder-aspect-ratio: 717\/1024;width:359px;height:512px\" src=\"data:image\/svg+xml;base64,PHN2ZyB3aWR0aD0iMSIgaGVpZ2h0PSIxIiB4bWxucz0iaHR0cDovL3d3dy53My5vcmcvMjAwMC9zdmciPjwvc3ZnPg==\" class=\"lazyload\" \/><\/figure>\n<\/div>\n\n\n<p>A comedy inspired by the life of Florence Foster Jenkins, who was recognized in history as the world&#8217;s worst soprano.<\/p>\n\n\n\n<p>However, her passion for music enabled her to fill concert halls, even in the face of malicious irony from some quarters. She reached the peak of her career at Carnegie Hall, one of New York&#8217;s most renowned concert complexes, known worldwide for its excellent acoustics. However, her success would not have been possible without financial resources and the support of devoted friends.<\/p>\n\n\n\n<p>An extraordinary performance in which the line between courage and naivety disappears. This is a character who is willing to give up everything to make her dream come true. A humorous story that paradoxically made history and continues to have an impact even today.<\/p>\n\n\n\n<p><br><strong>Cast:<\/strong><br>Florence Foster Jenkins: Gabriela Codrea<br>Cosme McMoon: Andrian Locovei<br>St Clair: R\u0103zvan Vicoveanu<br>Ms Johnson: Mirela Lupu<br>Dorothy: Lucia Rogoz<br>Maria: Georgia C\u0103pr\u0103rin<br>Uncle Sam: Ion Abrudan<br><strong>Viktor the Countertenor:\u00a0Iosif Viktor<\/strong><\/p>\n\n\n\n<p>Director: Cristian Ioan<\/p>\n\n\n\n<p>Set and costume designer: Clara Labancz<\/p>\n\n\n\n<p>Translation: Dan Mihu<\/p>\n\n\n\n<p>Musical preparation: Ovidiu Iloc and Henrietta Varady<\/p>\n\n\n\n<p>Dancers: Ionu\u0163 \u015eerban, Mara Dini\u015f, Marius Precup, Denisa Benk\u0151, Antoniu Nica, Nadina Urs<\/p>\n\n\n\n<p><br><strong>Premiere: February 26, 2017<\/strong><\/p>\n\n\n\n<p><strong>Duration of the performance: 2 hours 10 minutes<\/strong><\/p>\n\n\n\n<div style=\"height:40px\" aria-hidden=\"true\" class=\"wp-block-spacer\"><\/div>\n\n\n\n<figure class=\"wp-block-gallery has-nested-images columns-default is-cropped aligncenter columns-2 wp-block-gallery-1 is-layout-flex wp-block-gallery-is-layout-flex\">\n<figure class=\"wp-block-image size-large\"><img decoding=\"async\" data-id=\"182\" data-src=\"http:\/\/www.operasingeroradea.eu\/wp-content\/uploads\/2020\/08\/in-plina-glorie-1.jpg\" alt=\"\" class=\"wp-image-182 lazyload\" src=\"data:image\/svg+xml;base64,PHN2ZyB3aWR0aD0iMSIgaGVpZ2h0PSIxIiB4bWxucz0iaHR0cDovL3d3dy53My5vcmcvMjAwMC9zdmciPjwvc3ZnPg==\" \/><\/figure>\n\n\n\n<figure class=\"wp-block-image size-large\"><img decoding=\"async\" data-id=\"183\" data-src=\"http:\/\/www.operasingeroradea.eu\/wp-content\/uploads\/2020\/08\/In-plina-glorie-2.jpg\" alt=\"\" class=\"wp-image-183 lazyload\" src=\"data:image\/svg+xml;base64,PHN2ZyB3aWR0aD0iMSIgaGVpZ2h0PSIxIiB4bWxucz0iaHR0cDovL3d3dy53My5vcmcvMjAwMC9zdmciPjwvc3ZnPg==\" \/><\/figure>\n\n\n\n<figure class=\"wp-block-image size-large\"><img decoding=\"async\" data-id=\"184\" data-src=\"http:\/\/www.operasingeroradea.eu\/wp-content\/uploads\/2020\/08\/in-plina-glorie-3.jpg\" alt=\"\" class=\"wp-image-184 lazyload\" src=\"data:image\/svg+xml;base64,PHN2ZyB3aWR0aD0iMSIgaGVpZ2h0PSIxIiB4bWxucz0iaHR0cDovL3d3dy53My5vcmcvMjAwMC9zdmciPjwvc3ZnPg==\" \/><\/figure>\n\n\n\n<figure class=\"wp-block-image size-large\"><img decoding=\"async\" data-id=\"185\" data-src=\"http:\/\/www.operasingeroradea.eu\/wp-content\/uploads\/2020\/08\/in-plina-glorie-6.jpg\" alt=\"\" class=\"wp-image-185 lazyload\" src=\"data:image\/svg+xml;base64,PHN2ZyB3aWR0aD0iMSIgaGVpZ2h0PSIxIiB4bWxucz0iaHR0cDovL3d3dy53My5vcmcvMjAwMC9zdmciPjwvc3ZnPg==\" \/><\/figure>\n\n\n\n<figure class=\"wp-block-image size-large\"><img decoding=\"async\" data-id=\"188\" data-src=\"http:\/\/www.operasingeroradea.eu\/wp-content\/uploads\/2020\/08\/in-plina-glorie-81.jpg\" alt=\"\" class=\"wp-image-188 lazyload\" src=\"data:image\/svg+xml;base64,PHN2ZyB3aWR0aD0iMSIgaGVpZ2h0PSIxIiB4bWxucz0iaHR0cDovL3d3dy53My5vcmcvMjAwMC9zdmciPjwvc3ZnPg==\" \/><\/figure>\n<\/figure>\n\n\n\n<div style=\"height:30px\" aria-hidden=\"true\" class=\"wp-block-spacer\"><\/div>\n\n\n\n<hr class=\"wp-block-separator has-css-opacity is-style-wide\"\/>\n\n\n\n<h2 class=\"wp-block-heading has-text-align-center\">MR. JURDAN<\/h2>\n\n\n\n<div style=\"height:20px\" aria-hidden=\"true\" class=\"wp-block-spacer\"><\/div>\n\n\n<div class=\"wp-block-image\">\n<figure class=\"alignright size-large is-resized\"><img decoding=\"async\" data-src=\"http:\/\/www.operasingeroradea.eu\/wp-content\/uploads\/2020\/09\/domnu-jurdan-717x1024.jpg\" alt=\"\" style=\"--smush-placeholder-width: 717px; --smush-placeholder-aspect-ratio: 717\/1024;width:359px;height:512px\" src=\"data:image\/svg+xml;base64,PHN2ZyB3aWR0aD0iMSIgaGVpZ2h0PSIxIiB4bWxucz0iaHR0cDovL3d3dy53My5vcmcvMjAwMC9zdmciPjwvc3ZnPg==\" class=\"lazyload\" \/><\/figure>\n<\/div>\n\n\n<p>A dramatic adaptation by Victor Ioan Frunz\u0103 based on Jean Baptiste Poquelin Moli\u00e8re&#8217;s &#8220;The Bourgeois Gentleman&#8221; and Mikhail Bulgakov&#8217;s &#8220;Jourdain, the Madman,&#8221; directed by Victor Ioan Frunz\u0103<\/p>\n\n\n\n<p>Mr. Zs\u00fard\u00e1n is an extremely naive but very wealthy man who feels that one thing is missing from his life: the elegance of a person of higher rank.<\/p>\n\n\n\n<p>In order to belong to this category and keep up with the times, he acquires &#8220;friends&#8221; and employs an entire army of teachers to teach him manners and customs.<\/p>\n\n\n\n<p>However, it is clear that all his activities become ridiculous. Of course, events unfold in such a way that he slowly becomes a &#8220;court jester&#8221; and is seen as such by others. However, when ignorance meets education, the result can only be comedy, which is constantly entertaining. This is a modern-day comedy that depicts a rich, ignorant man.<\/p>\n\n\n\n<p><strong>Cast:<\/strong><\/p>\n\n\n\n<p>Mr. Zs\u00fard\u00e1n, businessman, waiter: DANIEL VULCU<br>Mrs. Zs\u00fard\u00e1n, his wife, waitress: ELVIRA R\u00ceMBU<br>Lucia, their daughter: CARINA BUNEA<br>Claudiu, Lucia&#8217;s lover: ANDREI SAB\u0102U<br>Dorim\u00e8ne, princess: GEORGIA C\u0102PR\u0102RIN<br>Doran, advisor to the ministry, Dorimene&#8217;s lover: ALIN STANCIU<br>Nico, maid: ADELA LAZ\u0102R<br>Cornel, Claudiu&#8217;s assistant: R\u0102ZVAN VICOVEANU<br>Br\u00e2ndu\u0219, servant boy: EUGEN NEAG<br>Music &amp; theater teacher: PETRE GHIMB\u0102\u0218AN<br>Dance teacher: ALEXANDRU RUSU<br>Coach: PAVEL S\u00ceRGHI<br>Philosophy teacher: CORINA CERNEA<br>Master tailor: R\u0102ZVAN VICOVEANU<br>Alin, university student: M\u0102D\u0102LIN COSTEA<br>Two servants: VLAD BULZAN &amp; DOMINIC OLAR<br>Two bodyguards: SORIN DOMIDE &amp; SORIN PRECUP<\/p>\n\n\n\n<p><br>Theatre dance categories in the theatre (Community theatre: Dance of Identity; Abstract ballet: Mother of the World; Napoleon ballet; Environmentally friendly dance: Global Warming; Oath\/inauguration dance; Ballet of Nations):<\/p>\n\n\n\n<p>CARINA BUNEA, CORINA CERNEA, ALEXANDRU RUSU, PETRE GHIMB\u0102\u015eAN, M\u0102D\u0102LIN COSTEA, GEORGE DOMETI, MIHAELA GHERDAN, EUGEN NEAG, LUCIA ROGOZ, ANDREI SAB\u0102U, ANCA SIGMIREAN, PAVEL S\u00ceRGHI, ALIN STANCIU, R\u0102ZVAN VICOVEANU, ANDA T\u0102M\u0102\u0218ANU, DIANA BURC\u0102, VLAD BULZAN, DOMINIC OLAR, MARIUS PRECUP, DENISA BENK\u0150<\/p>\n\n\n\n<p><strong>Orchestra:<\/strong><\/p>\n\n\n\n<p>Ovidiu Iloc (conductor)<br><strong>VIKTOR J\u00d3ZSEF (COUNTERTENOR)<\/strong><br>Dana Babo\u0219 (Mezzo-soprano)<br>Hunor Bencz\u00e9di (Baritone)<br>S\u00e1ndor G\u00e1ti (Oboe)<br>Bogdan Scurtu (clarinet)<br>Hora\u0163iu Miron (bassoon)<br>Gy\u00f6rgy Martyin (trumpet)<br>Albert K\u00e1roly Sz\u00e1vuly (trombone)<br>Marius Bulzan (percussion)<br>Tam\u00e1s K\u00e1sa (guitar)<br>K\u00e1lm\u00e1n Nagy (violin)<br>Ciprian Vere\u015f (Double Bass)<br>Music: Ovidiu Iloc<br>Choreography: Livia Tulbure-Gun\u0103<br>Set and Costume Design: Adriana Grand<br>Director: Victor Ioan Frunz\u0103<\/p>\n\n\n\n<p><strong>Premiere: September 25, 2016<\/strong><\/p>\n\n\n\n<p><strong>Running time: 2 hours 45 minutes with one intermission<\/strong><\/p>\n\n\n\n<div style=\"height:100px\" aria-hidden=\"true\" class=\"wp-block-spacer\"><\/div>\n\n\n\n<p class=\"has-text-align-left\"><strong>My Social Media:<\/strong><\/p>\n\n\n\n<ul class=\"wp-block-social-links alignleft is-layout-flex wp-block-social-links-is-layout-flex\"><li class=\"wp-social-link wp-social-link-facebook  wp-block-social-link\"><a href=\"https:\/\/www.facebook.com\/countertenor.viktor.iosif\/\" class=\"wp-block-social-link-anchor\"><svg width=\"24\" height=\"24\" viewBox=\"0 0 24 24\" version=\"1.1\" xmlns=\"http:\/\/www.w3.org\/2000\/svg\" aria-hidden=\"true\" focusable=\"false\"><path d=\"M12 2C6.5 2 2 6.5 2 12c0 5 3.7 9.1 8.4 9.9v-7H7.9V12h2.5V9.8c0-2.5 1.5-3.9 3.8-3.9 1.1 0 2.2.2 2.2.2v2.5h-1.3c-1.2 0-1.6.8-1.6 1.6V12h2.8l-.4 2.9h-2.3v7C18.3 21.1 22 17 22 12c0-5.5-4.5-10-10-10z\"><\/path><\/svg><span class=\"wp-block-social-link-label screen-reader-text\">Facebook<\/span><\/a><\/li>\n\n\n\n<li class=\"wp-social-link wp-social-link-instagram  wp-block-social-link\"><a href=\"https:\/\/www.instagram.com\/countertenor.iosif.viktor\/\" class=\"wp-block-social-link-anchor\"><svg width=\"24\" height=\"24\" viewBox=\"0 0 24 24\" version=\"1.1\" xmlns=\"http:\/\/www.w3.org\/2000\/svg\" aria-hidden=\"true\" focusable=\"false\"><path d=\"M12,4.622c2.403,0,2.688,0.009,3.637,0.052c0.877,0.04,1.354,0.187,1.671,0.31c0.42,0.163,0.72,0.358,1.035,0.673 c0.315,0.315,0.51,0.615,0.673,1.035c0.123,0.317,0.27,0.794,0.31,1.671c0.043,0.949,0.052,1.234,0.052,3.637 s-0.009,2.688-0.052,3.637c-0.04,0.877-0.187,1.354-0.31,1.671c-0.163,0.42-0.358,0.72-0.673,1.035 c-0.315,0.315-0.615,0.51-1.035,0.673c-0.317,0.123-0.794,0.27-1.671,0.31c-0.949,0.043-1.233,0.052-3.637,0.052 s-2.688-0.009-3.637-0.052c-0.877-0.04-1.354-0.187-1.671-0.31c-0.42-0.163-0.72-0.358-1.035-0.673 c-0.315-0.315-0.51-0.615-0.673-1.035c-0.123-0.317-0.27-0.794-0.31-1.671C4.631,14.688,4.622,14.403,4.622,12 s0.009-2.688,0.052-3.637c0.04-0.877,0.187-1.354,0.31-1.671c0.163-0.42,0.358-0.72,0.673-1.035 c0.315-0.315,0.615-0.51,1.035-0.673c0.317-0.123,0.794-0.27,1.671-0.31C9.312,4.631,9.597,4.622,12,4.622 M12,3 C9.556,3,9.249,3.01,8.289,3.054C7.331,3.098,6.677,3.25,6.105,3.472C5.513,3.702,5.011,4.01,4.511,4.511 c-0.5,0.5-0.808,1.002-1.038,1.594C3.25,6.677,3.098,7.331,3.054,8.289C3.01,9.249,3,9.556,3,12c0,2.444,0.01,2.751,0.054,3.711 c0.044,0.958,0.196,1.612,0.418,2.185c0.23,0.592,0.538,1.094,1.038,1.594c0.5,0.5,1.002,0.808,1.594,1.038 c0.572,0.222,1.227,0.375,2.185,0.418C9.249,20.99,9.556,21,12,21s2.751-0.01,3.711-0.054c0.958-0.044,1.612-0.196,2.185-0.418 c0.592-0.23,1.094-0.538,1.594-1.038c0.5-0.5,0.808-1.002,1.038-1.594c0.222-0.572,0.375-1.227,0.418-2.185 C20.99,14.751,21,14.444,21,12s-0.01-2.751-0.054-3.711c-0.044-0.958-0.196-1.612-0.418-2.185c-0.23-0.592-0.538-1.094-1.038-1.594 c-0.5-0.5-1.002-0.808-1.594-1.038c-0.572-0.222-1.227-0.375-2.185-0.418C14.751,3.01,14.444,3,12,3L12,3z M12,7.378 c-2.552,0-4.622,2.069-4.622,4.622S9.448,16.622,12,16.622s4.622-2.069,4.622-4.622S14.552,7.378,12,7.378z M12,15 c-1.657,0-3-1.343-3-3s1.343-3,3-3s3,1.343,3,3S13.657,15,12,15z M16.804,6.116c-0.596,0-1.08,0.484-1.08,1.08 s0.484,1.08,1.08,1.08c0.596,0,1.08-0.484,1.08-1.08S17.401,6.116,16.804,6.116z\"><\/path><\/svg><span class=\"wp-block-social-link-label screen-reader-text\">Instagram<\/span><\/a><\/li>\n\n\n\n<li class=\"wp-social-link wp-social-link-youtube  wp-block-social-link\"><a href=\"https:\/\/www.youtube.com\/channel\/UC2cjASfkSZAbAQs1L672HPg\" class=\"wp-block-social-link-anchor\"><svg width=\"24\" height=\"24\" viewBox=\"0 0 24 24\" version=\"1.1\" xmlns=\"http:\/\/www.w3.org\/2000\/svg\" aria-hidden=\"true\" focusable=\"false\"><path d=\"M21.8,8.001c0,0-0.195-1.378-0.795-1.985c-0.76-0.797-1.613-0.801-2.004-0.847c-2.799-0.202-6.997-0.202-6.997-0.202 h-0.009c0,0-4.198,0-6.997,0.202C4.608,5.216,3.756,5.22,2.995,6.016C2.395,6.623,2.2,8.001,2.2,8.001S2,9.62,2,11.238v1.517 c0,1.618,0.2,3.237,0.2,3.237s0.195,1.378,0.795,1.985c0.761,0.797,1.76,0.771,2.205,0.855c1.6,0.153,6.8,0.201,6.8,0.201 s4.203-0.006,7.001-0.209c0.391-0.047,1.243-0.051,2.004-0.847c0.6-0.607,0.795-1.985,0.795-1.985s0.2-1.618,0.2-3.237v-1.517 C22,9.62,21.8,8.001,21.8,8.001z M9.935,14.594l-0.001-5.62l5.404,2.82L9.935,14.594z\"><\/path><\/svg><span class=\"wp-block-social-link-label screen-reader-text\">YouTube<\/span><\/a><\/li>\n\n<\/ul>\n","protected":false},"excerpt":{"rendered":"<p>My theater work may seem bohemian and simple from the outside, but as a singer, it is just as demanding,<span class=\"more-button\"><a href=\"https:\/\/operasingeroradea.eu\/en\/joseph-viktor-countertenor\/theater-performances\/\" class=\"more-link\">Read more<span class=\"screen-reader-text\">Theater performances<\/span><\/a><\/span><\/p>\n","protected":false},"author":1,"featured_media":79,"parent":10,"menu_order":0,"comment_status":"closed","ping_status":"closed","template":"","meta":{"footnotes":""},"class_list":["post-18","page","type-page","status-publish","has-post-thumbnail","hentry"],"yoast_head":"<!-- This site is optimized with the Yoast SEO plugin v27.4 - https:\/\/yoast.com\/product\/yoast-seo-wordpress\/ -->\n<title>Theater performances - Opera Singer Oradea<\/title>\n<meta name=\"robots\" content=\"index, follow, max-snippet:-1, max-image-preview:large, max-video-preview:-1\" \/>\n<link rel=\"canonical\" href=\"https:\/\/operasingeroradea.eu\/en\/joseph-viktor-countertenor\/theater-performances\/\" \/>\n<meta property=\"og:locale\" content=\"en_US\" \/>\n<meta property=\"og:type\" content=\"article\" \/>\n<meta property=\"og:title\" content=\"Theater performances - Opera Singer Oradea\" \/>\n<meta property=\"og:description\" content=\"My theater work may seem bohemian and simple from the outside, but as a singer, it is just as demanding,Read moreTheater performances\" \/>\n<meta property=\"og:url\" content=\"https:\/\/operasingeroradea.eu\/en\/joseph-viktor-countertenor\/theater-performances\/\" \/>\n<meta property=\"og:site_name\" content=\"Opera Singer Oradea\" \/>\n<meta property=\"article:modified_time\" content=\"2026-01-12T13:12:12+00:00\" \/>\n<meta property=\"og:image\" content=\"https:\/\/operasingeroradea.eu\/en\/wp-content\/uploads\/2020\/12\/operasingeroradea-szinhaz1-scaled-1.jpg\" \/>\n\t<meta property=\"og:image:width\" content=\"1707\" \/>\n\t<meta property=\"og:image:height\" content=\"2560\" \/>\n\t<meta property=\"og:image:type\" content=\"image\/jpeg\" \/>\n<meta name=\"twitter:card\" content=\"summary_large_image\" \/>\n<meta name=\"twitter:label1\" content=\"Est. reading time\" \/>\n\t<meta name=\"twitter:data1\" content=\"5 minutes\" \/>\n<script type=\"application\/ld+json\" class=\"yoast-schema-graph\">{\"@context\":\"https:\\\/\\\/schema.org\",\"@graph\":[{\"@type\":\"WebPage\",\"@id\":\"https:\\\/\\\/operasingeroradea.eu\\\/en\\\/joseph-viktor-countertenor\\\/theater-performances\\\/\",\"url\":\"https:\\\/\\\/operasingeroradea.eu\\\/en\\\/joseph-viktor-countertenor\\\/theater-performances\\\/\",\"name\":\"Theater performances - Opera Singer Oradea\",\"isPartOf\":{\"@id\":\"https:\\\/\\\/operasingeroradea.eu\\\/en\\\/#website\"},\"primaryImageOfPage\":{\"@id\":\"https:\\\/\\\/operasingeroradea.eu\\\/en\\\/joseph-viktor-countertenor\\\/theater-performances\\\/#primaryimage\"},\"image\":{\"@id\":\"https:\\\/\\\/operasingeroradea.eu\\\/en\\\/joseph-viktor-countertenor\\\/theater-performances\\\/#primaryimage\"},\"thumbnailUrl\":\"https:\\\/\\\/operasingeroradea.eu\\\/en\\\/wp-content\\\/uploads\\\/2020\\\/12\\\/operasingeroradea-szinhaz1-scaled-1.jpg\",\"datePublished\":\"2020-11-30T20:47:16+00:00\",\"dateModified\":\"2026-01-12T13:12:12+00:00\",\"breadcrumb\":{\"@id\":\"https:\\\/\\\/operasingeroradea.eu\\\/en\\\/joseph-viktor-countertenor\\\/theater-performances\\\/#breadcrumb\"},\"inLanguage\":\"en-US\",\"potentialAction\":[{\"@type\":\"ReadAction\",\"target\":[\"https:\\\/\\\/operasingeroradea.eu\\\/en\\\/joseph-viktor-countertenor\\\/theater-performances\\\/\"]}]},{\"@type\":\"ImageObject\",\"inLanguage\":\"en-US\",\"@id\":\"https:\\\/\\\/operasingeroradea.eu\\\/en\\\/joseph-viktor-countertenor\\\/theater-performances\\\/#primaryimage\",\"url\":\"https:\\\/\\\/operasingeroradea.eu\\\/en\\\/wp-content\\\/uploads\\\/2020\\\/12\\\/operasingeroradea-szinhaz1-scaled-1.jpg\",\"contentUrl\":\"https:\\\/\\\/operasingeroradea.eu\\\/en\\\/wp-content\\\/uploads\\\/2020\\\/12\\\/operasingeroradea-szinhaz1-scaled-1.jpg\",\"width\":1707,\"height\":2560},{\"@type\":\"BreadcrumbList\",\"@id\":\"https:\\\/\\\/operasingeroradea.eu\\\/en\\\/joseph-viktor-countertenor\\\/theater-performances\\\/#breadcrumb\",\"itemListElement\":[{\"@type\":\"ListItem\",\"position\":1,\"name\":\"Kezd\u0151lap\",\"item\":\"https:\\\/\\\/operasingeroradea.eu\\\/en\\\/\"},{\"@type\":\"ListItem\",\"position\":2,\"name\":\"Get to know me!\",\"item\":\"https:\\\/\\\/operasingeroradea.eu\\\/en\\\/joseph-viktor-countertenor\\\/\"},{\"@type\":\"ListItem\",\"position\":3,\"name\":\"Theater performances\"}]},{\"@type\":\"WebSite\",\"@id\":\"https:\\\/\\\/operasingeroradea.eu\\\/en\\\/#website\",\"url\":\"https:\\\/\\\/operasingeroradea.eu\\\/en\\\/\",\"name\":\"Opera Singer Oradea\",\"description\":\"Iosif Viktor lyric artist, countertenor\",\"publisher\":{\"@id\":\"https:\\\/\\\/operasingeroradea.eu\\\/en\\\/#\\\/schema\\\/person\\\/da4d888c51e6a8735a3b0514063f3f43\"},\"potentialAction\":[{\"@type\":\"SearchAction\",\"target\":{\"@type\":\"EntryPoint\",\"urlTemplate\":\"https:\\\/\\\/operasingeroradea.eu\\\/en\\\/?s={search_term_string}\"},\"query-input\":{\"@type\":\"PropertyValueSpecification\",\"valueRequired\":true,\"valueName\":\"search_term_string\"}}],\"inLanguage\":\"en-US\"},{\"@type\":[\"Person\",\"Organization\"],\"@id\":\"https:\\\/\\\/operasingeroradea.eu\\\/en\\\/#\\\/schema\\\/person\\\/da4d888c51e6a8735a3b0514063f3f43\",\"name\":\"admin_RO\",\"image\":{\"@type\":\"ImageObject\",\"inLanguage\":\"en-US\",\"@id\":\"https:\\\/\\\/secure.gravatar.com\\\/avatar\\\/50f8d9ac10a7ba023baaa52f8eda05b9004a88816d0743ee6324746c08ad0604?s=96&d=mm&r=g\",\"url\":\"https:\\\/\\\/secure.gravatar.com\\\/avatar\\\/50f8d9ac10a7ba023baaa52f8eda05b9004a88816d0743ee6324746c08ad0604?s=96&d=mm&r=g\",\"contentUrl\":\"https:\\\/\\\/secure.gravatar.com\\\/avatar\\\/50f8d9ac10a7ba023baaa52f8eda05b9004a88816d0743ee6324746c08ad0604?s=96&d=mm&r=g\",\"caption\":\"admin_RO\"},\"logo\":{\"@id\":\"https:\\\/\\\/secure.gravatar.com\\\/avatar\\\/50f8d9ac10a7ba023baaa52f8eda05b9004a88816d0743ee6324746c08ad0604?s=96&d=mm&r=g\"}}]}<\/script>\n<!-- \/ Yoast SEO plugin. -->","yoast_head_json":{"title":"Theater performances - Opera Singer Oradea","robots":{"index":"index","follow":"follow","max-snippet":"max-snippet:-1","max-image-preview":"max-image-preview:large","max-video-preview":"max-video-preview:-1"},"canonical":"https:\/\/operasingeroradea.eu\/en\/joseph-viktor-countertenor\/theater-performances\/","og_locale":"en_US","og_type":"article","og_title":"Theater performances - Opera Singer Oradea","og_description":"My theater work may seem bohemian and simple from the outside, but as a singer, it is just as demanding,Read moreTheater performances","og_url":"https:\/\/operasingeroradea.eu\/en\/joseph-viktor-countertenor\/theater-performances\/","og_site_name":"Opera Singer Oradea","article_modified_time":"2026-01-12T13:12:12+00:00","og_image":[{"width":1707,"height":2560,"url":"https:\/\/operasingeroradea.eu\/en\/wp-content\/uploads\/2020\/12\/operasingeroradea-szinhaz1-scaled-1.jpg","type":"image\/jpeg"}],"twitter_card":"summary_large_image","twitter_misc":{"Est. reading time":"5 minutes"},"schema":{"@context":"https:\/\/schema.org","@graph":[{"@type":"WebPage","@id":"https:\/\/operasingeroradea.eu\/en\/joseph-viktor-countertenor\/theater-performances\/","url":"https:\/\/operasingeroradea.eu\/en\/joseph-viktor-countertenor\/theater-performances\/","name":"Theater performances - Opera Singer Oradea","isPartOf":{"@id":"https:\/\/operasingeroradea.eu\/en\/#website"},"primaryImageOfPage":{"@id":"https:\/\/operasingeroradea.eu\/en\/joseph-viktor-countertenor\/theater-performances\/#primaryimage"},"image":{"@id":"https:\/\/operasingeroradea.eu\/en\/joseph-viktor-countertenor\/theater-performances\/#primaryimage"},"thumbnailUrl":"https:\/\/operasingeroradea.eu\/en\/wp-content\/uploads\/2020\/12\/operasingeroradea-szinhaz1-scaled-1.jpg","datePublished":"2020-11-30T20:47:16+00:00","dateModified":"2026-01-12T13:12:12+00:00","breadcrumb":{"@id":"https:\/\/operasingeroradea.eu\/en\/joseph-viktor-countertenor\/theater-performances\/#breadcrumb"},"inLanguage":"en-US","potentialAction":[{"@type":"ReadAction","target":["https:\/\/operasingeroradea.eu\/en\/joseph-viktor-countertenor\/theater-performances\/"]}]},{"@type":"ImageObject","inLanguage":"en-US","@id":"https:\/\/operasingeroradea.eu\/en\/joseph-viktor-countertenor\/theater-performances\/#primaryimage","url":"https:\/\/operasingeroradea.eu\/en\/wp-content\/uploads\/2020\/12\/operasingeroradea-szinhaz1-scaled-1.jpg","contentUrl":"https:\/\/operasingeroradea.eu\/en\/wp-content\/uploads\/2020\/12\/operasingeroradea-szinhaz1-scaled-1.jpg","width":1707,"height":2560},{"@type":"BreadcrumbList","@id":"https:\/\/operasingeroradea.eu\/en\/joseph-viktor-countertenor\/theater-performances\/#breadcrumb","itemListElement":[{"@type":"ListItem","position":1,"name":"Kezd\u0151lap","item":"https:\/\/operasingeroradea.eu\/en\/"},{"@type":"ListItem","position":2,"name":"Get to know me!","item":"https:\/\/operasingeroradea.eu\/en\/joseph-viktor-countertenor\/"},{"@type":"ListItem","position":3,"name":"Theater performances"}]},{"@type":"WebSite","@id":"https:\/\/operasingeroradea.eu\/en\/#website","url":"https:\/\/operasingeroradea.eu\/en\/","name":"Opera Singer Oradea","description":"Iosif Viktor lyric artist, countertenor","publisher":{"@id":"https:\/\/operasingeroradea.eu\/en\/#\/schema\/person\/da4d888c51e6a8735a3b0514063f3f43"},"potentialAction":[{"@type":"SearchAction","target":{"@type":"EntryPoint","urlTemplate":"https:\/\/operasingeroradea.eu\/en\/?s={search_term_string}"},"query-input":{"@type":"PropertyValueSpecification","valueRequired":true,"valueName":"search_term_string"}}],"inLanguage":"en-US"},{"@type":["Person","Organization"],"@id":"https:\/\/operasingeroradea.eu\/en\/#\/schema\/person\/da4d888c51e6a8735a3b0514063f3f43","name":"admin_RO","image":{"@type":"ImageObject","inLanguage":"en-US","@id":"https:\/\/secure.gravatar.com\/avatar\/50f8d9ac10a7ba023baaa52f8eda05b9004a88816d0743ee6324746c08ad0604?s=96&d=mm&r=g","url":"https:\/\/secure.gravatar.com\/avatar\/50f8d9ac10a7ba023baaa52f8eda05b9004a88816d0743ee6324746c08ad0604?s=96&d=mm&r=g","contentUrl":"https:\/\/secure.gravatar.com\/avatar\/50f8d9ac10a7ba023baaa52f8eda05b9004a88816d0743ee6324746c08ad0604?s=96&d=mm&r=g","caption":"admin_RO"},"logo":{"@id":"https:\/\/secure.gravatar.com\/avatar\/50f8d9ac10a7ba023baaa52f8eda05b9004a88816d0743ee6324746c08ad0604?s=96&d=mm&r=g"}}]}},"_links":{"self":[{"href":"https:\/\/operasingeroradea.eu\/en\/wp-json\/wp\/v2\/pages\/18","targetHints":{"allow":["GET"]}}],"collection":[{"href":"https:\/\/operasingeroradea.eu\/en\/wp-json\/wp\/v2\/pages"}],"about":[{"href":"https:\/\/operasingeroradea.eu\/en\/wp-json\/wp\/v2\/types\/page"}],"author":[{"embeddable":true,"href":"https:\/\/operasingeroradea.eu\/en\/wp-json\/wp\/v2\/users\/1"}],"replies":[{"embeddable":true,"href":"https:\/\/operasingeroradea.eu\/en\/wp-json\/wp\/v2\/comments?post=18"}],"version-history":[{"count":9,"href":"https:\/\/operasingeroradea.eu\/en\/wp-json\/wp\/v2\/pages\/18\/revisions"}],"predecessor-version":[{"id":214,"href":"https:\/\/operasingeroradea.eu\/en\/wp-json\/wp\/v2\/pages\/18\/revisions\/214"}],"up":[{"embeddable":true,"href":"https:\/\/operasingeroradea.eu\/en\/wp-json\/wp\/v2\/pages\/10"}],"wp:featuredmedia":[{"embeddable":true,"href":"https:\/\/operasingeroradea.eu\/en\/wp-json\/wp\/v2\/media\/79"}],"wp:attachment":[{"href":"https:\/\/operasingeroradea.eu\/en\/wp-json\/wp\/v2\/media?parent=18"}],"curies":[{"name":"wp","href":"https:\/\/api.w.org\/{rel}","templated":true}]}}